{"id":29,"date":"2021-01-13T12:17:04","date_gmt":"2021-01-13T11:17:04","guid":{"rendered":"http:\/\/lapiara.com\/?page_id=29"},"modified":"2023-03-30T09:58:45","modified_gmt":"2023-03-30T07:58:45","slug":"nota-legal","status":"publish","type":"page","link":"https:\/\/lapiara.com\/es\/nota-legal\/","title":{"rendered":"Nota legal"},"content":{"rendered":"<h5><strong>1.INFORMACI\u00d3N LEGAL Y ACEPTACI\u00d3N<\/strong><\/h5>\n<p><span style=\"font-weight: 400;\">Para dar cumplimiento con lo establecido en la Ley 34\/2002 de 11 de julio de Servicios de la Sociedad de la Informaci\u00f3n y de Comercio Electr\u00f3nico (LSSICE), a continuaci\u00f3n se indican los datos de informaci\u00f3n general de este sitio web.<\/span><\/p>\n<p><span style=\"font-weight: 400;\">LA PIARA, S.A., provista de N.I.F. A-08009359, con domicilio en 08560 Manlleu (Barcelona) Carretera BV-4608, Manlleu-La Gleva, Km. 2,1 (En adelante designada como \u201cLA PIARA\u201d). Consta inscrita en el Registro Mercantil de Barcelona, en el Tomo 39993, Folio 60, Hoja B-56396.<\/span><\/p>\n<p><span style=\"font-weight: 400;\">Los nombres de dominio <a href=\"http:\/\/lapiara.com\/\" target=\"_blank\" rel=\"noopener\" data-saferedirecturl=\"https:\/\/www.google.com\/url?hl=es&amp;q=http:\/\/lapiara.com&amp;source=gmail&amp;ust=1528274870939000&amp;usg=AFQjCNEVowQLn4VMVVRcyF1lGsGa9rEuow\">www.lapiara.com<\/a>\u00a0i\u00a0<a href=\"http:\/\/lapiara.es\/\" target=\"_blank\" rel=\"noopener\" data-saferedirecturl=\"https:\/\/www.google.com\/url?hl=es&amp;q=http:\/\/lapiara.es&amp;source=gmail&amp;ust=1528274870939000&amp;usg=AFQjCNGxclDSF8gOmXGaAICYkXxNrkn0dg\">lapiara.es<\/a>.\u00a0, son titularidad de LA PIARA, S.A. Hemos establecido algunas normas para asegurarnos que el sitio web resulta informativo y \u00fatil para todo aquel que lo visite. Debido a que podemos cambiarlas o modificarlas de vez en cuando, recomendamos al usuario que visite<\/span><span style=\"font-weight: 400;\"><br \/>\n<\/span><span style=\"font-weight: 400;\">esta p\u00e1gina de nuestro Web tantas veces como acceda al mismo a fin de saber las normas que est\u00e9n en vigor en cada momento. Al entrar en este Web el usuario est\u00e1 aceptando actuar bajo las normas publicadas en el Portal en el momento de acceso.<\/span><\/p>\n<h5><strong>2.PROPIEDAD INTELECTUAL E INDUSTRIAL<\/strong><\/h5>\n<p><span style=\"font-weight: 400;\">El uso de este sitio web presupone el conocimiento de que todos los contenidos del Portal, entendiendo por estos a t\u00edtulo meramente enunciativo, los textos, fotograf\u00edas, gr\u00e1ficos, im\u00e1genes, m\u00fasica, iconos, tecnolog\u00eda, software y links y dem\u00e1s contenido audiovisuales o sonoros, as\u00ed como su dise\u00f1o gr\u00e1fico y c\u00f3digos fuente (en adelante \u201cel Contenido\u201d), son propiedad intelectual e industrial de LA PIARA o han sido objeto de licencia o cesi\u00f3n por suministradores de contenido independientes. El usuario de esta web est\u00e1 de acuerdo y conoce que LA PIARA permite el acceso a dicho contenido, pero que el mismo se halla protegido por las leyes de propiedad intelectual e industrial (en adelante &amp;quot;los Derechos&amp;quot;), as\u00ed como que dichos Derechos son v\u00e1lidos y est\u00e1n protegidos en todos los medios existentes en la actualidad o que se desarrollen en un futuro. El usuario acepta que el uso del contenido est\u00e1 sujeto y se rige por estas normas adem\u00e1s de por los Derechos as\u00ed como por las leyes de la propiedad privada aplicables.<\/span><\/p>\n<p><span style=\"font-weight: 400;\">En consecuencia, todo el contenido del sitio web de LA PIARA est\u00e1 protegido por los Derechos y LA PIARA es propietaria, o en su caso licenciataria, de los mismos; por ello el usuario no puede modificar, alterar, copiar, reproducir, publicar, transmitir, participar en la transferencia o venta, reproducci\u00f3n, creaci\u00f3n de trabajos derivados de, distribuci\u00f3n, muestra, exposici\u00f3n, o, en cualquier modo, explotar cualquiera de los contenidos en parte o en su totalidad.<\/span><\/p>\n<p><span style=\"font-weight: 400;\">Queda prohibido establecer un enlace con, o un contenido de correo desde cualquier URL hasta este Web sin el expreso permiso escrito de LA PIARA. LA PIARA es una marca registrada.<\/span><\/p>\n<p><span style=\"font-weight: 400;\">Todos los derechos reservados. Cualquier otra marca, nombre de producto o compa\u00f1\u00edamencionados en este sitio web son derechos de propiedad intelectual o industrial registrados por sus respectivas compa\u00f1\u00edas. Queda prohibida su reproducci\u00f3n total o parcial sin la autorizaci\u00f3n de los propietarios.<\/span><\/p>\n<p><span style=\"font-weight: 400;\">Se hace constar que, al publicar contenidos (tales como \u201cvideos\u201d o \u201ccomentarios\u201d) en las secciones habilitadas para ello en esta web o en los perfiles sociales de LA PIARA, el usuario est\u00e1 concediendo a LA PIARA, una licencia sobre los derechos de propiedad intelectual y\/o industrial que en su caso pudieran corresponderle sobre tales contenidos. Dicha licencia es no<\/span><span style=\"font-weight: 400;\"><br \/>\n<\/span><span style=\"font-weight: 400;\">exclusiva y abarca la totalidad de los derechos y modalidades de explotaci\u00f3n de tales contenidos (incluyendo de forma no limitativa, la reproducci\u00f3n, distribuci\u00f3n, comunicaci\u00f3n p\u00fablica y transformaci\u00f3n, por cualquier medio y en cualquier forma o soporte, tangible o intangible, con inclusi\u00f3n expresa de Internet), para todo el mundo y durante toda su vida legal, sin derecho a percibir por ello remuneraci\u00f3n alguna.<\/span><\/p>\n<h5><strong>3.CONDICIONES DE USO DEL PORTAL<\/strong><\/h5>\n<p><span style=\"font-weight: 400;\">Contacte con el responsable del Web si tiene cualquier duda o sugerencia a trav\u00e9s de la siguiente direcci\u00f3n de correo electr\u00f3nico: <b><\/b><\/span><a href=\"mailto:protecciondedatos@lapiara.es\" target=\"_blank\" rel=\"noopener\">protec<wbr \/>ciondedatos@lapiara.es<\/a><\/p>\n<p><span style=\"font-weight: 400;\"><b><\/b> LA PIARA no tiene control alguno sobre quien o quienes puedan acceder a su Web y donde puedan estar emplazados. A pesar de que LA PIARA es consciente de ello, esto no significa que se someta a las jurisdicciones de pa\u00edses extranjeros; en caso de conflicto o reclamaci\u00f3n en relaci\u00f3n a este Web, ser\u00e1n por tanto los Juzgados y Tribunales espa\u00f1oles los \u00fanicos competentes.<\/span><\/p>\n<p><span style=\"font-weight: 400;\">LA PIARA podr\u00e1 efectuar cuantas modificaciones t\u00e9cnicas sean precisas para mejorar la calidad, rendimiento, eficacia del sistema y conexi\u00f3n a redes telem\u00e1ticas o Internet. LA PIARA se reserva el derecho de modificar la informaci\u00f3n contenida en el Web sin previo aviso.<\/span><\/p>\n<p><span style=\"font-weight: 400;\">LA PIARA est\u00e1 especialmente eximida de responsabilidad por deficiencias de servicio imputables al centro servidor o redes de conexi\u00f3n, as\u00ed como por los da\u00f1os que cualquier virus inform\u00e1tico pudiera causar.<\/span><\/p>\n<p><span style=\"font-weight: 400;\">LA PIARA no se hace responsable de la verosimilitud de la informaci\u00f3n facilitada por terceros e incluida de forma directa o por enlace en este Web.<\/span><\/p>\n<h5><strong>4.REDES SOCIALES<\/strong><\/h5>\n<p><span style=\"font-weight: 400;\">LA PIARA puede estar presente en redes sociales como Facebook o Tuenti mediante la creaci\u00f3n de perfiles sociales de LA PIARA. El tratamiento de datos de los usuarios que se hagan seguidores de perfiles oficiales de LA PIARA se regir\u00e1:<\/span><\/p>\n<ol>\n<li><b><\/b><span style=\"font-weight: 400;\">por las pol\u00edticas de privacidad y condiciones de uso que con car\u00e1cter espec\u00edfico se indiquenen el perfil creado por LA PIARA,<\/span><\/li>\n<li><span style=\"font-weight: 400;\">por las condiciones previstas en la presente Pol\u00edtica de Privacidad y Condiciones de Uso y<\/span><\/li>\n<li><span style=\"font-weight: 400;\">por las pol\u00edticas de privacidad y condiciones de uso que tengan establecidas las propias redes sociales. En caso de conflicto, se aplicar\u00e1 con car\u00e1cter preferente las normas espec\u00edficas establecidas en el perfil oficial de LA PIARA y en su defecto por las presentes condiciones.<\/span><\/li>\n<\/ol>\n<p><span style=\"font-weight: 400;\">LA PIARA tratar\u00e1 los datos de los usuarios que se hagan seguidores o fans de cualquiera de sus perfiles con la finalidad de administrar correctamente los mismos, conocer sus opiniones y\/o comentarios as\u00ed como informarle y hacerle part\u00edcipe de los diferentes concursos, promociones y\/o eventos que se realicen por la compa\u00f1\u00eda en los que participe el usuario. Al hacerse fan o seguidor del perfil, el usuario consiente en el tratamiento de datos en el entorno de la red social de conformidad con las pol\u00edticas de privacidad establecidas en la misma y en el acceso de LA PIARA a los datos contenidos en la lista de fans o seguidores en los t\u00e9rminos antes mencionados.<\/span><\/p>\n<p><span style=\"font-weight: 400;\">LA PIARA podr\u00e1 eliminar de su perfil cualquier informaci\u00f3n que vaya en contra de las normas establecidas en las condiciones generales de uso de la red social as\u00ed como en contra de lo previsto en la presente Pol\u00edtica de Privacidad y Condiciones de Uso. El usuario puede ejercer los derechos de acceso, rectificaci\u00f3n, cancelaci\u00f3n y oposici\u00f3n en cualquier momento, en la forma descrita en el apartado relativo a Pol\u00edtica de Privacidad y Protecci\u00f3n de Datos de car\u00e1cter personal. En todo caso, el usuario podr\u00e1 dejar de ser seguidor de la p\u00e1gina oficial de la red social siguiendo los pasos que se indiquen en las condiciones de uso de la red social y sin que LA PIARA, pueda intervenir en dicho proceso. Asimismo, se recuerda que cualquier modificaci\u00f3n o rectificaci\u00f3n de los datos del usuario de la red social, deber\u00e1 realizarse a trav\u00e9s de la configuraci\u00f3n de usuario, no pudiendo ser realizada por LA PIARA. Para realizar cualquier consulta en relaci\u00f3n con el tratamiento de datos que se realiza de los seguidores en redes sociales de los perfiles oficiales de LA PIARA el usuario podr\u00e1 contactar a trav\u00e9s del correo electr\u00f3nico:\u00a0<\/span><a href=\"mailto:protecciondedatos@lapiara.es\" target=\"_blank\" rel=\"noopener\">protec<wbr \/>ciondedatos@lapiara.es<\/a><\/p>\n","protected":false},"excerpt":{"rendered":"<p>1.INFORMACI\u00d3N LEGAL Y ACEPTACI\u00d3N Para dar cumplimiento con lo establecido en la Ley 34\/2002 de 11 de julio de Servicios de la Sociedad de la Informaci\u00f3n y de Comercio Electr\u00f3nico (LSSICE), a continuaci\u00f3n se indican los datos de informaci\u00f3n general de este sitio web. LA PIARA, S.A., provista de N.I.F. A-08009359, con domicilio en 08560 [&hellip;]<\/p>\n","protected":false},"author":1,"featured_media":0,"parent":0,"menu_order":0,"comment_status":"closed","ping_status":"closed","template":"","meta":{"footnotes":""},"class_list":["post-29","page","type-page","status-publish","hentry"],"yoast_head":"<!-- This site is optimized with the Yoast SEO plugin v27.4 - https:\/\/yoast.com\/product\/yoast-seo-wordpress\/ -->\n<title>Nota legal - La Piara<\/title>\n<meta name=\"description\" content=\"1.INFORMACI\u00d3N LEGAL Y ACEPTACI\u00d3N Para dar cumplimiento con lo establecido en la Ley 34\/2002 de 11 de julio de Servicios de la Sociedad de la Informaci\u00f3n y\" \/>\n<meta name=\"robots\" content=\"noindex, follow\" \/>\n<meta property=\"og:locale\" content=\"es_ES\" \/>\n<meta property=\"og:type\" content=\"article\" \/>\n<meta property=\"og:title\" content=\"Nota legal - La Piara\" \/>\n<meta property=\"og:description\" content=\"1.INFORMACI\u00d3N LEGAL Y ACEPTACI\u00d3N Para dar cumplimiento con lo establecido en la Ley 34\/2002 de 11 de julio de Servicios de la Sociedad de la Informaci\u00f3n y\" \/>\n<meta property=\"og:url\" content=\"https:\/\/lapiara.com\/es\/nota-legal\/\" \/>\n<meta property=\"og:site_name\" content=\"La Piara\" \/>\n<meta property=\"article:modified_time\" content=\"2023-03-30T07:58:45+00:00\" \/>\n<meta name=\"twitter:card\" content=\"summary_large_image\" \/>\n<meta name=\"twitter:label1\" content=\"Tiempo de lectura\" \/>\n\t<meta name=\"twitter:data1\" content=\"6 minutos\" \/>\n<script type=\"application\/ld+json\" class=\"yoast-schema-graph\">{\"@context\":\"https:\\\/\\\/schema.org\",\"@graph\":[{\"@type\":\"WebPage\",\"@id\":\"https:\\\/\\\/lapiara.com\\\/es\\\/nota-legal\\\/\",\"url\":\"https:\\\/\\\/lapiara.com\\\/es\\\/nota-legal\\\/\",\"name\":\"Nota legal - La Piara\",\"isPartOf\":{\"@id\":\"https:\\\/\\\/lapiara.com\\\/es\\\/#website\"},\"datePublished\":\"2021-01-13T11:17:04+00:00\",\"dateModified\":\"2023-03-30T07:58:45+00:00\",\"description\":\"1.INFORMACI\u00d3N LEGAL Y ACEPTACI\u00d3N Para dar cumplimiento con lo establecido en la Ley 34\\\/2002 de 11 de julio de Servicios de la Sociedad de la Informaci\u00f3n y\",\"breadcrumb\":{\"@id\":\"https:\\\/\\\/lapiara.com\\\/es\\\/nota-legal\\\/#breadcrumb\"},\"inLanguage\":\"es\",\"potentialAction\":[{\"@type\":\"ReadAction\",\"target\":[\"https:\\\/\\\/lapiara.com\\\/es\\\/nota-legal\\\/\"]}]},{\"@type\":\"BreadcrumbList\",\"@id\":\"https:\\\/\\\/lapiara.com\\\/es\\\/nota-legal\\\/#breadcrumb\",\"itemListElement\":[{\"@type\":\"ListItem\",\"position\":1,\"name\":\"Portada\",\"item\":\"https:\\\/\\\/lapiara.com\\\/es\\\/\"},{\"@type\":\"ListItem\",\"position\":2,\"name\":\"Nota legal\"}]},{\"@type\":\"WebSite\",\"@id\":\"https:\\\/\\\/lapiara.com\\\/es\\\/#website\",\"url\":\"https:\\\/\\\/lapiara.com\\\/es\\\/\",\"name\":\"La Piara\",\"description\":\"M\u00e1s buenos que el pan\",\"publisher\":{\"@id\":\"https:\\\/\\\/lapiara.com\\\/es\\\/#organization\"},\"potentialAction\":[{\"@type\":\"SearchAction\",\"target\":{\"@type\":\"EntryPoint\",\"urlTemplate\":\"https:\\\/\\\/lapiara.com\\\/es\\\/?s={search_term_string}\"},\"query-input\":{\"@type\":\"PropertyValueSpecification\",\"valueRequired\":true,\"valueName\":\"search_term_string\"}}],\"inLanguage\":\"es\"},{\"@type\":\"Organization\",\"@id\":\"https:\\\/\\\/lapiara.com\\\/es\\\/#organization\",\"name\":\"La Piara\",\"url\":\"https:\\\/\\\/lapiara.com\\\/es\\\/\",\"logo\":{\"@type\":\"ImageObject\",\"inLanguage\":\"es\",\"@id\":\"https:\\\/\\\/lapiara.com\\\/es\\\/#\\\/schema\\\/logo\\\/image\\\/\",\"url\":\"http:\\\/\\\/lapiara.com\\\/wp-content\\\/uploads\\\/2021\\\/01\\\/af-logo-la-piara.png\",\"contentUrl\":\"http:\\\/\\\/lapiara.com\\\/wp-content\\\/uploads\\\/2021\\\/01\\\/af-logo-la-piara.png\",\"width\":1733,\"height\":586,\"caption\":\"La Piara\"},\"image\":{\"@id\":\"https:\\\/\\\/lapiara.com\\\/es\\\/#\\\/schema\\\/logo\\\/image\\\/\"},\"sameAs\":[\"https:\\\/\\\/www.instagram.com\\\/naturalmentelapiara\\\/\"]}]}<\/script>\n<!-- \/ Yoast SEO plugin. -->","yoast_head_json":{"title":"Nota legal - La Piara","description":"1.INFORMACI\u00d3N LEGAL Y ACEPTACI\u00d3N Para dar cumplimiento con lo establecido en la Ley 34\/2002 de 11 de julio de Servicios de la Sociedad de la Informaci\u00f3n y","robots":{"index":"noindex","follow":"follow"},"og_locale":"es_ES","og_type":"article","og_title":"Nota legal - La Piara","og_description":"1.INFORMACI\u00d3N LEGAL Y ACEPTACI\u00d3N Para dar cumplimiento con lo establecido en la Ley 34\/2002 de 11 de julio de Servicios de la Sociedad de la Informaci\u00f3n y","og_url":"https:\/\/lapiara.com\/es\/nota-legal\/","og_site_name":"La Piara","article_modified_time":"2023-03-30T07:58:45+00:00","twitter_card":"summary_large_image","twitter_misc":{"Tiempo de lectura":"6 minutos"},"schema":{"@context":"https:\/\/schema.org","@graph":[{"@type":"WebPage","@id":"https:\/\/lapiara.com\/es\/nota-legal\/","url":"https:\/\/lapiara.com\/es\/nota-legal\/","name":"Nota legal - La Piara","isPartOf":{"@id":"https:\/\/lapiara.com\/es\/#website"},"datePublished":"2021-01-13T11:17:04+00:00","dateModified":"2023-03-30T07:58:45+00:00","description":"1.INFORMACI\u00d3N LEGAL Y ACEPTACI\u00d3N Para dar cumplimiento con lo establecido en la Ley 34\/2002 de 11 de julio de Servicios de la Sociedad de la Informaci\u00f3n y","breadcrumb":{"@id":"https:\/\/lapiara.com\/es\/nota-legal\/#breadcrumb"},"inLanguage":"es","potentialAction":[{"@type":"ReadAction","target":["https:\/\/lapiara.com\/es\/nota-legal\/"]}]},{"@type":"BreadcrumbList","@id":"https:\/\/lapiara.com\/es\/nota-legal\/#breadcrumb","itemListElement":[{"@type":"ListItem","position":1,"name":"Portada","item":"https:\/\/lapiara.com\/es\/"},{"@type":"ListItem","position":2,"name":"Nota legal"}]},{"@type":"WebSite","@id":"https:\/\/lapiara.com\/es\/#website","url":"https:\/\/lapiara.com\/es\/","name":"La Piara","description":"M\u00e1s buenos que el pan","publisher":{"@id":"https:\/\/lapiara.com\/es\/#organization"},"potentialAction":[{"@type":"SearchAction","target":{"@type":"EntryPoint","urlTemplate":"https:\/\/lapiara.com\/es\/?s={search_term_string}"},"query-input":{"@type":"PropertyValueSpecification","valueRequired":true,"valueName":"search_term_string"}}],"inLanguage":"es"},{"@type":"Organization","@id":"https:\/\/lapiara.com\/es\/#organization","name":"La Piara","url":"https:\/\/lapiara.com\/es\/","logo":{"@type":"ImageObject","inLanguage":"es","@id":"https:\/\/lapiara.com\/es\/#\/schema\/logo\/image\/","url":"http:\/\/lapiara.com\/wp-content\/uploads\/2021\/01\/af-logo-la-piara.png","contentUrl":"http:\/\/lapiara.com\/wp-content\/uploads\/2021\/01\/af-logo-la-piara.png","width":1733,"height":586,"caption":"La Piara"},"image":{"@id":"https:\/\/lapiara.com\/es\/#\/schema\/logo\/image\/"},"sameAs":["https:\/\/www.instagram.com\/naturalmentelapiara\/"]}]}},"_links":{"self":[{"href":"https:\/\/lapiara.com\/es\/wp-json\/wp\/v2\/pages\/29","targetHints":{"allow":["GET"]}}],"collection":[{"href":"https:\/\/lapiara.com\/es\/wp-json\/wp\/v2\/pages"}],"about":[{"href":"https:\/\/lapiara.com\/es\/wp-json\/wp\/v2\/types\/page"}],"author":[{"embeddable":true,"href":"https:\/\/lapiara.com\/es\/wp-json\/wp\/v2\/users\/1"}],"replies":[{"embeddable":true,"href":"https:\/\/lapiara.com\/es\/wp-json\/wp\/v2\/comments?post=29"}],"version-history":[{"count":4,"href":"https:\/\/lapiara.com\/es\/wp-json\/wp\/v2\/pages\/29\/revisions"}],"predecessor-version":[{"id":541,"href":"https:\/\/lapiara.com\/es\/wp-json\/wp\/v2\/pages\/29\/revisions\/541"}],"wp:attachment":[{"href":"https:\/\/lapiara.com\/es\/wp-json\/wp\/v2\/media?parent=29"}],"curies":[{"name":"wp","href":"https:\/\/api.w.org\/{rel}","templated":true}]}}