{"id":27,"date":"2021-01-13T12:16:53","date_gmt":"2021-01-13T11:16:53","guid":{"rendered":"http:\/\/lapiara.com\/?page_id=27"},"modified":"2024-07-08T18:35:36","modified_gmt":"2024-07-08T16:35:36","slug":"politica-de-privacidad","status":"publish","type":"page","link":"https:\/\/lapiara.com\/es\/politica-de-privacidad\/","title":{"rendered":"Pol\u00edtica de privacidad"},"content":{"rendered":"<p>El nombre de este dominio web es titularidad de LP FOODIES, S.A.U. (En adelante designada como \u201cLP FOODIES\u201d).<\/p>\n<h2>POL\u00cdTICA DE PRIVACIDAD Y PROTECCI\u00d3N DE DATOS PERSONALES<\/h2>\n<p>LP FOODIES se compromete a cumplir con la legislaci\u00f3n vigente en materia de protecci\u00f3n de datos de car\u00e1cter personal.<\/p>\n<p>LP FOODIES garantiza que, como titular de los datos personales recogidos, tratar\u00e1 confidencialmente los datos personales que le sean facilitados por los usuarios de este portal o de perfiles oficiales de LP FOODIES en redes sociales, a trav\u00e9s de los servicios o promociones de LP FOODIES o por cualquier otro medio.<\/p>\n<p>LP FOODIES ha adoptado las medidas t\u00e9cnicas necesarias para mantener el nivel de seguridad requerido, seg\u00fan la naturaleza de los datos personales tratados y las circunstancias del tratamiento con el objetivo de evitar, en la medida de lo posible y seg\u00fan el estado de la t\u00e9cnica, la alteraci\u00f3n, la p\u00e9rdida, el tratamiento o el acceso no autorizado.<\/p>\n<p>A continuaci\u00f3n, en cumplimiento de lo dispuesto en la normativa de protecci\u00f3n de datos de car\u00e1cter personal, se le informa sobre los t\u00e9rminos y condiciones del tratamiento de datos efectuado por LP FOODIES.<\/p>\n<h5>1. RESPONSABLE DEL TRATAMIENTO DE SUS DATOS PERSONALES<\/h5>\n<ul>\n<li>Denominaci\u00f3n Social: LP FOODIES, S.A.U.<\/li>\n<li>Domicilio Social: 08560 Manlleu (Barcelona), Ctra. BV-4608, Manlleu-La Gleva, km. 2,1.<\/li>\n<li>CIF\/NIF: A-08009359<\/li>\n<li>Tel\u00e9fono: 900 202 106<\/li>\n<li>e-mail: <a href=\"mailto:protecciondedatos@lapiara.es\">protecciondedatos@lapiara.es<\/a><\/li>\n<\/ul>\n<p>Presencia web de LA COMPA\u00d1\u00cdA:<\/p>\n<ul>\n<li>Dominio can\u00f3nico del sitio web: <a href=\"http:\/\/lapiara.com\/es\/\">www.lapiara.es<\/a><\/li>\n<li>Dominio secundario del sitio web: <a href=\"http:\/\/lapiara.com\/es\/\">www.lapiara.com<\/a><\/li>\n<li>Perfiles sociales:<\/li>\n<\/ul>\n<h5>2. FINALIDAD Y LEGITIMACION DEL TRATAMIENTO DE SUS DATOS PERSONALES<\/h5>\n<p>En cumplimiento de lo establecido en el Reglamento UE 2016\/679 General de Protecci\u00f3n de Datos (en adelante, \u201cRGPD\u201d), LP FOODIES le informa que el tratamiento de los datos personales que nos facilite puede perseguir todas o algunas de las siguientes finalidades, seg\u00fan se le indicar\u00e1 en cada caso:<\/p>\n<p>I. <strong>Publicidad, informaci\u00f3n sobre productos y servicios de la compa\u00f1\u00eda y gesti\u00f3n de las promociones<\/strong>: Sus datos personales ser\u00e1n tratados con la finalidad de facilitarle informaci\u00f3n sobre productos y servicios de LP FOODIES o, en su caso, para gestionar las promociones.<\/p>\n<p>La base de licitud para el tratamiento de sus datos para esta finalidad es su consentimiento.<\/p>\n<p>II. <strong>Atenci\u00f3n a sus consultas y solicitudes<\/strong>: Se dar\u00e1 respuesta a sus consultas y solicitudes remitidas por correo electr\u00f3nico, postal o telef\u00f3nico a trav\u00e9s de cualquiera de los medios que se indican en el apartado \u201cContacto\u201d de la web.<\/p>\n<p>La base de licitud para el tratamiento de sus datos para esta finalidad es su consentimiento.<\/p>\n<p>III. <strong>Finalidades comerciales, precontractuales o contractuales<\/strong>: En el supuesto de que contrate o vaya a contratar alguno de nuestros productos y servicios, sus datos personales ser\u00e1n tratados con la finalidad de gestionar la relaci\u00f3n contractual con Usted.<\/p>\n<p>La base de licitud para el tratamiento de sus datos para esta finalidad es la ejecuci\u00f3n de un contrato o para la aplicaci\u00f3n de medidas precontractuales.<\/p>\n<p>IV. <strong>Gesti\u00f3n del Canal interno de informaci\u00f3n<\/strong>: Sus datos ser\u00e1n tratados en el marco del procedimiento del Canal Interno de informaci\u00f3n de la compa\u00f1\u00eda.<\/p>\n<p>La base de licitud para el tratamiento de sus datos para esta finalidad es la obligaci\u00f3n legal ex art. 6.1c) del Reglamento (UE) 2016\/679 del Parlamento Europeo y del Consejo y la Ley 2\/2023, de 20 de febrero, reguladora de la protecci\u00f3n de las personas que informen sobre infracciones normativas y de lucha contra la corrupci\u00f3n.<\/p>\n<p>V. <strong>Cesi\u00f3n de datos a terceros<\/strong>: Sus datos personales podr\u00e1n ser comunicados a terceros para finalidades comerciales. Puede encontrar m\u00e1s informaci\u00f3n acerca de los destinatarios de sus datos personales en el punto 3 de la presente Pol\u00edtica de Privacidad.<\/p>\n<p>La base de licitud para el tratamiento de sus datos para esta finalidad es su consentimiento.<\/p>\n<p>VI. <strong>Fines estad\u00edsticos<\/strong>: A partir de las respuestas a los cuestionarios cumplimentados por los propios usuarios podemos llevar a cabo estad\u00edsticas para su uso interno relativas, por ejemplo y cit\u00e1ndose a t\u00edtulo enunciativo, las franjas de edades de los participantes en determinadas promociones, frecuencia de participaci\u00f3n en las promociones, \u00e1mbito geogr\u00e1fico, etc.<\/p>\n<p>La base de licitud para el tratamiento de sus datos para esta finalidad es el inter\u00e9s leg\u00edtimo de LP FOODIES de analizar el mercado a fin de mejorar sus productos y servicios.<\/p>\n<p>VII. <strong>Realizaci\u00f3n de encuestas<\/strong>: Sus datos personales ser\u00e1n tratados para hacerle encuestas de calidad relativas a nuestros productos y servicios.<\/p>\n<p>La base de licitud del tratamiento de sus datos para esta finalidad es el inter\u00e9s leg\u00edtimo de LP FOODIES de asegurar la calidad de sus productos y servicios.<\/p>\n<p>VIII. <strong>Gesti\u00f3n de la cuenta del usuario<\/strong>: En caso de que decida registrarse como usuario en alguna de nuestras Webs necesitaremos tratar sus datos para identificaci\u00f3n del usuario y poder proceder a darle acceso a sus diferentes funcionalidades, productos y servicios que est\u00e9n a su disposici\u00f3n como usuario registrado. Puede cancelar su cuenta en cualquier momento, ejerciendo el derecho de cancelaci\u00f3n y siguiendo las pautas especificadas en el punto n\u00famero 5 de la presente Pol\u00edtica de Privacidad.<\/p>\n<p>La base de licitud para el tratamiento de sus datos para esta finalidad es su consentimiento.<\/p>\n<h5>3. COMUNICACI\u00d3N DE LOS DATOS<\/h5>\n<p>Los datos personales tratados por LP FOODIES para alcanzar las finalidades detalladas con car\u00e1cter previo podr\u00e1n ser comunicadas previo consentimiento del interesado al resto de empresas del Grupo ADAM FOODS:<\/p>\n<ul>\n<li>GRANJA SAN FRANCISCO, S.L.U. Sociedad Unipersonal (NIF B-55216758).<br \/>\n<a href=\"https:\/\/www.granjasanfrancisco.com\/es\/politica-privacidad-proteccion-datos-personales\/\" target=\"_blank\" rel=\"noopener\">https:\/\/www.granjasanfrancisco.com\/es\/politica-privacidad-proteccion-datos-personales\/<\/a><\/li>\n<li>CUETARA, S.L.U. Sociedad Unipersonal (NIF B-87127676).<br \/>\n<a href=\"https:\/\/www.cuetara.es\/politica-privacidad\" target=\"_blank\" rel=\"noopener\">https:\/\/www.cuetara.es\/politica-privacidad<\/a><\/li>\n<li>TRIGORICO, S.L.U. Sociedad Unipersonal (NIF B-87438750).<br \/>\n<a href=\"https:\/\/www.panpanrico.es\/politica-de-privacidad\/\" target=\"_blank\" rel=\"noopener\">https:\/\/www.panpanrico.es\/politica-de-privacidad\/<\/a><\/li>\n<li>GALLETAS ARTIACH, S.A.U. Sociedad Unipersonal (NIF A-64929250).<br \/>\n<a href=\"https:\/\/www.artiach.es\/politica-privacidad\/\" target=\"_blank\" rel=\"noopener\">https:\/\/www.artiach.es\/politica-privacidad\/<\/a><\/li>\n<\/ul>\n<h5>4. DESTINATARIOS Y TRANSFERENCIA INTERNACIONAL DE DATOS<\/h5>\n<p>Los datos recabados por LP FOODIES podr\u00e1n ser comunicados a encargados del tratamiento y, cuando as\u00ed venga exigido por ley, a administraciones y organismos p\u00fablicos. En este sentido, los datos personales podr\u00e1n ser comunicados a las Fuerzas y Cuerpos de Seguridad del Estado y\/o Juzgados. En ning\u00fan caso se realizar\u00e1n transferencias internacionales.<\/p>\n<h5>5. PER\u00cdODO DE CONSERVACI\u00d3N DE LOS DATOS<\/h5>\n<p>Sus datos personales ser\u00e1n conservados mientras sean necesarios para la consecuci\u00f3n de las finalidades indicadas, as\u00ed como, en su caso, mientras no retire su consentimiento, o hasta que ejercite sus derechos de oposici\u00f3n, derecho de supresi\u00f3n o se d\u00e9 de baja del servicio de comunicaciones comerciales. Una vez se haya dado alguno de estos supuestos, LP FOODIES mantendr\u00e1 sus datos debidamente bloqueados durante el tiempo necesario para dar cumplimiento a las obligaciones legales o reglamentarias, durante los plazos de prescripci\u00f3n aplicables en la legislaci\u00f3n que, en su caso, resulte de aplicaci\u00f3n.<\/p>\n<p>Transcurrido el respectivo periodo de conservaci\u00f3n, LP FOODIES eliminar\u00e1 los datos siempre que los mismos no deban ser conservados para otras finalidades que deban subsistir.<\/p>\n<h5>6. EJERCICIO DE DERECHOS EN MATERIA DE PROTECCI\u00d3N DE DATOS<\/h5>\n<p>La normativa de protecci\u00f3n de datos le confiere una serie de derechos en relaci\u00f3n con el tratamiento de datos personales que se pueden resumir en:<\/p>\n<ul>\n<li><strong>Acceder a sus datos<\/strong>: derecho a acceder y conocer si estamos tratando sus datos personales, derecho a acceder a ellos y a solicitar informaci\u00f3n sobre c\u00f3mo y por qu\u00e9 motivos los estamos tratando y, en su caso, solicitar una copia de estos.<\/li>\n<li><strong>Solicitar la rectificaci\u00f3n o supresi\u00f3n de sus datos<\/strong>: derecho a rectificar aquellos datos personales que estemos tratando y que usted considere como inexactos o, incluso, el derecho a solicitar la supresi\u00f3n de tales datos cuando ya no fueran necesarios para los fines que fueron recogidos.<\/li>\n<li><strong>Solicitar la limitaci\u00f3n del tratamiento de sus datos<\/strong>: derecho a solicitarnos la limitaci\u00f3n del tratamiento de sus datos personales. En este caso, le informamos que conservar\u00edamos bloqueados los datos y que los usaremos \u00fanicamente para el ejercicio y defensa de reclamaciones, para aquello para lo que nos haya otorgado su consentimiento o para atender responsabilidades legales y contractuales.<\/li>\n<li><strong>Portabilidad<\/strong>: Podr\u00e1 obtener una copia en formato electr\u00f3nico de los datos que est\u00e9n siendo tratados, as\u00ed como solicitar que sean transmitidos a otra entidad.<\/li>\n<li><strong>Oponerse al tratamiento de sus datos<\/strong>: en determinadas circunstancias y por motivos relacionados con su situaci\u00f3n particular, tendr\u00e1 derecho a oponerse al tratamiento de sus datos en cuyo caso, dejar\u00edamos de tratarlos salvo que, por motivos leg\u00edtimos o para el ejercicio o la defensa de posibles reclamaciones, fuesen necesarios.<\/li>\n<\/ul>\n<p>El usuario podr\u00e1 ejercitar sus derechos dirigiendo la oportuna solicitud a la direcci\u00f3n de correo electr\u00f3nico o postal indicadas al pie de cada formulario o, en su defecto a la siguiente direcci\u00f3n postal o de correo electr\u00f3nico:<\/p>\n<ul>\n<li>Grupo ADAM FOODS, Travesera de Gracia, n\u00fam. 342, 08025 Barcelona, indicando en el sobre la referencia: REF: DATOS PERSONALES (LP FOODIES, S.A.U.), o<\/li>\n<li>Enviando un mensaje a la siguiente direcci\u00f3n de correo electr\u00f3nico <a href=\"mailto:protecciondedatos@lapiara.es\">protecciondedatos@lapiara.es<\/a>, indic\u00e1ndose el derecho a ejercitar.<\/li>\n<\/ul>\n<p>En el caso de que se haya otorgado el consentimiento para alguna finalidad espec\u00edfica, usted tiene derecho a retirar el consentimiento en cualquier momento, sin que ello afecte a la licitud del tratamiento basado en el consentimiento previo a su retirada.<\/p>\n<p>Si Usted considera que hay una incidencia con la forma en que LP FOODIES est\u00e1 tratando sus datos, puede dirigir su reclamaci\u00f3n a la Agencia Espa\u00f1ola de Protecci\u00f3n de Datos a trav\u00e9s de su p\u00e1gina web: www.agpd.es.<\/p>\n<h5>7. USO DE COOKIES Y MONITORIZACI\u00d3N DE LA NAVEGACI\u00d3N<\/h5>\n<p>Para consultar la informaci\u00f3n de este punto, le proporcionamos las Pol\u00edticas de Cookies de este sitio web.<\/p>\n<h5>8. MODIFICACIONES EN LA POL\u00cdTICA<\/h5>\n<p>Podemos modificar esta Pol\u00edtica de Privacidad y Protecci\u00f3n de Datos Personales y, si introducimos alg\u00fan cambio significativo, le avisaremos a trav\u00e9s de nuestros sitios web, o por otros medios, y tendr\u00e1 la oportunidad de revisar los cambios antes de que se hagan efectivos. Si no est\u00e1 de acuerdo con cualquiera de los cambios, puede ejercer sus derechos o gestionar sus consentimientos.<\/p>\n<p>El uso continuado de nuestros sitios web tras publicar o enviar un aviso acerca de nuestros cambios en esta Pol\u00edtica de Privacidad y Datos Personales implica que la recopilaci\u00f3n, la utilizaci\u00f3n y el uso compartido de sus datos personales est\u00e1n sujetos a la Pol\u00edtica de Privacidad y Datos Personales actualizada.<\/p>\n<p>\u00daltima actualizaci\u00f3n: 23.05.2023<\/p>\n","protected":false},"excerpt":{"rendered":"<p>El nombre de este dominio web es titularidad de LP FOODIES, S.A.U. (En adelante designada como \u201cLP FOODIES\u201d). POL\u00cdTICA DE PRIVACIDAD Y PROTECCI\u00d3N DE DATOS PERSONALES LP FOODIES se compromete a cumplir con la legislaci\u00f3n vigente en materia de protecci\u00f3n de datos de car\u00e1cter personal. LP FOODIES garantiza que, como titular de los datos personales [&hellip;]<\/p>\n","protected":false},"author":1,"featured_media":0,"parent":0,"menu_order":0,"comment_status":"closed","ping_status":"closed","template":"","meta":{"footnotes":""},"class_list":["post-27","page","type-page","status-publish","hentry"],"yoast_head":"<!-- This site is optimized with the Yoast SEO plugin v26.9 - https:\/\/yoast.com\/product\/yoast-seo-wordpress\/ -->\n<title>Pol\u00edtica de privacidad - La Piara<\/title>\n<meta name=\"description\" content=\"El nombre de este dominio web es titularidad de LP FOODIES, S.A.U. (En adelante designada como \u201cLP FOODIES\u201d). POL\u00cdTICA DE PRIVACIDAD Y PROTECCI\u00d3N DE DATOS\" \/>\n<meta name=\"robots\" content=\"noindex, follow\" \/>\n<meta property=\"og:locale\" content=\"es_ES\" \/>\n<meta property=\"og:type\" content=\"article\" \/>\n<meta property=\"og:title\" content=\"Pol\u00edtica de privacidad - La Piara\" \/>\n<meta property=\"og:description\" content=\"El nombre de este dominio web es titularidad de LP FOODIES, S.A.U. (En adelante designada como \u201cLP FOODIES\u201d). POL\u00cdTICA DE PRIVACIDAD Y PROTECCI\u00d3N DE DATOS\" \/>\n<meta property=\"og:url\" content=\"https:\/\/lapiara.com\/es\/politica-de-privacidad\/\" \/>\n<meta property=\"og:site_name\" content=\"La Piara\" \/>\n<meta property=\"article:modified_time\" content=\"2024-07-08T16:35:36+00:00\" \/>\n<meta name=\"twitter:card\" content=\"summary_large_image\" \/>\n<meta name=\"twitter:label1\" content=\"Tiempo de lectura\" \/>\n\t<meta name=\"twitter:data1\" content=\"7 minutos\" \/>\n<script type=\"application\/ld+json\" class=\"yoast-schema-graph\">{\"@context\":\"https:\/\/schema.org\",\"@graph\":[{\"@type\":\"WebPage\",\"@id\":\"https:\/\/lapiara.com\/es\/politica-de-privacidad\/\",\"url\":\"https:\/\/lapiara.com\/es\/politica-de-privacidad\/\",\"name\":\"Pol\u00edtica de privacidad - La Piara\",\"isPartOf\":{\"@id\":\"https:\/\/lapiara.com\/es\/#website\"},\"datePublished\":\"2021-01-13T11:16:53+00:00\",\"dateModified\":\"2024-07-08T16:35:36+00:00\",\"description\":\"El nombre de este dominio web es titularidad de LP FOODIES, S.A.U. (En adelante designada como \u201cLP FOODIES\u201d). POL\u00cdTICA DE PRIVACIDAD Y PROTECCI\u00d3N DE DATOS\",\"breadcrumb\":{\"@id\":\"https:\/\/lapiara.com\/es\/politica-de-privacidad\/#breadcrumb\"},\"inLanguage\":\"es\",\"potentialAction\":[{\"@type\":\"ReadAction\",\"target\":[\"https:\/\/lapiara.com\/es\/politica-de-privacidad\/\"]}]},{\"@type\":\"BreadcrumbList\",\"@id\":\"https:\/\/lapiara.com\/es\/politica-de-privacidad\/#breadcrumb\",\"itemListElement\":[{\"@type\":\"ListItem\",\"position\":1,\"name\":\"Portada\",\"item\":\"https:\/\/lapiara.com\/es\/\"},{\"@type\":\"ListItem\",\"position\":2,\"name\":\"Pol\u00edtica de privacidad\"}]},{\"@type\":\"WebSite\",\"@id\":\"https:\/\/lapiara.com\/es\/#website\",\"url\":\"https:\/\/lapiara.com\/es\/\",\"name\":\"La Piara\",\"description\":\"M\u00e1s buenos que el pan\",\"publisher\":{\"@id\":\"https:\/\/lapiara.com\/es\/#organization\"},\"potentialAction\":[{\"@type\":\"SearchAction\",\"target\":{\"@type\":\"EntryPoint\",\"urlTemplate\":\"https:\/\/lapiara.com\/es\/?s={search_term_string}\"},\"query-input\":{\"@type\":\"PropertyValueSpecification\",\"valueRequired\":true,\"valueName\":\"search_term_string\"}}],\"inLanguage\":\"es\"},{\"@type\":\"Organization\",\"@id\":\"https:\/\/lapiara.com\/es\/#organization\",\"name\":\"La Piara\",\"url\":\"https:\/\/lapiara.com\/es\/\",\"logo\":{\"@type\":\"ImageObject\",\"inLanguage\":\"es\",\"@id\":\"https:\/\/lapiara.com\/es\/#\/schema\/logo\/image\/\",\"url\":\"http:\/\/lapiara.com\/wp-content\/uploads\/2021\/01\/af-logo-la-piara.png\",\"contentUrl\":\"http:\/\/lapiara.com\/wp-content\/uploads\/2021\/01\/af-logo-la-piara.png\",\"width\":1733,\"height\":586,\"caption\":\"La Piara\"},\"image\":{\"@id\":\"https:\/\/lapiara.com\/es\/#\/schema\/logo\/image\/\"},\"sameAs\":[\"https:\/\/www.instagram.com\/naturalmentelapiara\/\"]}]}<\/script>\n<!-- \/ Yoast SEO plugin. -->","yoast_head_json":{"title":"Pol\u00edtica de privacidad - La Piara","description":"El nombre de este dominio web es titularidad de LP FOODIES, S.A.U. (En adelante designada como \u201cLP FOODIES\u201d). POL\u00cdTICA DE PRIVACIDAD Y PROTECCI\u00d3N DE DATOS","robots":{"index":"noindex","follow":"follow"},"og_locale":"es_ES","og_type":"article","og_title":"Pol\u00edtica de privacidad - La Piara","og_description":"El nombre de este dominio web es titularidad de LP FOODIES, S.A.U. (En adelante designada como \u201cLP FOODIES\u201d). POL\u00cdTICA DE PRIVACIDAD Y PROTECCI\u00d3N DE DATOS","og_url":"https:\/\/lapiara.com\/es\/politica-de-privacidad\/","og_site_name":"La Piara","article_modified_time":"2024-07-08T16:35:36+00:00","twitter_card":"summary_large_image","twitter_misc":{"Tiempo de lectura":"7 minutos"},"schema":{"@context":"https:\/\/schema.org","@graph":[{"@type":"WebPage","@id":"https:\/\/lapiara.com\/es\/politica-de-privacidad\/","url":"https:\/\/lapiara.com\/es\/politica-de-privacidad\/","name":"Pol\u00edtica de privacidad - La Piara","isPartOf":{"@id":"https:\/\/lapiara.com\/es\/#website"},"datePublished":"2021-01-13T11:16:53+00:00","dateModified":"2024-07-08T16:35:36+00:00","description":"El nombre de este dominio web es titularidad de LP FOODIES, S.A.U. (En adelante designada como \u201cLP FOODIES\u201d). POL\u00cdTICA DE PRIVACIDAD Y PROTECCI\u00d3N DE DATOS","breadcrumb":{"@id":"https:\/\/lapiara.com\/es\/politica-de-privacidad\/#breadcrumb"},"inLanguage":"es","potentialAction":[{"@type":"ReadAction","target":["https:\/\/lapiara.com\/es\/politica-de-privacidad\/"]}]},{"@type":"BreadcrumbList","@id":"https:\/\/lapiara.com\/es\/politica-de-privacidad\/#breadcrumb","itemListElement":[{"@type":"ListItem","position":1,"name":"Portada","item":"https:\/\/lapiara.com\/es\/"},{"@type":"ListItem","position":2,"name":"Pol\u00edtica de privacidad"}]},{"@type":"WebSite","@id":"https:\/\/lapiara.com\/es\/#website","url":"https:\/\/lapiara.com\/es\/","name":"La Piara","description":"M\u00e1s buenos que el pan","publisher":{"@id":"https:\/\/lapiara.com\/es\/#organization"},"potentialAction":[{"@type":"SearchAction","target":{"@type":"EntryPoint","urlTemplate":"https:\/\/lapiara.com\/es\/?s={search_term_string}"},"query-input":{"@type":"PropertyValueSpecification","valueRequired":true,"valueName":"search_term_string"}}],"inLanguage":"es"},{"@type":"Organization","@id":"https:\/\/lapiara.com\/es\/#organization","name":"La Piara","url":"https:\/\/lapiara.com\/es\/","logo":{"@type":"ImageObject","inLanguage":"es","@id":"https:\/\/lapiara.com\/es\/#\/schema\/logo\/image\/","url":"http:\/\/lapiara.com\/wp-content\/uploads\/2021\/01\/af-logo-la-piara.png","contentUrl":"http:\/\/lapiara.com\/wp-content\/uploads\/2021\/01\/af-logo-la-piara.png","width":1733,"height":586,"caption":"La Piara"},"image":{"@id":"https:\/\/lapiara.com\/es\/#\/schema\/logo\/image\/"},"sameAs":["https:\/\/www.instagram.com\/naturalmentelapiara\/"]}]}},"_links":{"self":[{"href":"https:\/\/lapiara.com\/es\/wp-json\/wp\/v2\/pages\/27","targetHints":{"allow":["GET"]}}],"collection":[{"href":"https:\/\/lapiara.com\/es\/wp-json\/wp\/v2\/pages"}],"about":[{"href":"https:\/\/lapiara.com\/es\/wp-json\/wp\/v2\/types\/page"}],"author":[{"embeddable":true,"href":"https:\/\/lapiara.com\/es\/wp-json\/wp\/v2\/users\/1"}],"replies":[{"embeddable":true,"href":"https:\/\/lapiara.com\/es\/wp-json\/wp\/v2\/comments?post=27"}],"version-history":[{"count":5,"href":"https:\/\/lapiara.com\/es\/wp-json\/wp\/v2\/pages\/27\/revisions"}],"predecessor-version":[{"id":1155,"href":"https:\/\/lapiara.com\/es\/wp-json\/wp\/v2\/pages\/27\/revisions\/1155"}],"wp:attachment":[{"href":"https:\/\/lapiara.com\/es\/wp-json\/wp\/v2\/media?parent=27"}],"curies":[{"name":"wp","href":"https:\/\/api.w.org\/{rel}","templated":true}]}}