{"id":25,"date":"2021-01-13T12:16:39","date_gmt":"2021-01-13T11:16:39","guid":{"rendered":"http:\/\/lapiara.com\/?page_id=25"},"modified":"2024-09-12T11:45:13","modified_gmt":"2024-09-12T09:45:13","slug":"politica-de-cookies","status":"publish","type":"page","link":"https:\/\/lapiara.com\/es\/politica-de-cookies\/","title":{"rendered":"Pol\u00edtica de cookies"},"content":{"rendered":"<p>La presente Pol\u00edtica de Cookies describe los distintos tipos de cookies que se utilizan en relaci\u00f3n con este sitio web, cuya propiedad y control pertenece a LP FOODIES, S.A.U., con domicilio social en Manlleu (Barcelona), Ctra. BV-4608, Manlleu-La Gleva, km. 2,1, (en adelante, \u201cLP FOODIES\u201d), desde el que accede a esta Pol\u00edtica de cookies.<\/p>\n<p>LP FOODIES determina los medios y los fines del tratamiento de los datos personales descritos en esta Pol\u00edtica de Cookies y es, por tanto, el responsable del tratamiento (en el sentido del RGPD).<\/p>\n<p>Si tiene alguna duda, puede ponerse en contacto con nosotros enviando un mensaje a\u00a0<a href=\"mailto:protecciondedatos@lapiara.es\">protecciondedatos@lapiara.es<\/a>, llamando al 900 202 106 o puede consultarnos a trav\u00e9s del siguiente\u00a0<a href=\"http:\/\/lapiara.com\/es\/contacto\/\">formulario<\/a>.<\/p>\n<p>&nbsp;<\/p>\n<h3><strong>1. \u00bfQU\u00c9 SON LAS COOKIES?<\/strong><\/h3>\n<p>Las cookies son peque\u00f1os archivos de datos que se env\u00edan al ordenador del Usuario, tel\u00e9fono m\u00f3vil u otro dispositivo de acceso cuando visita una p\u00e1gina web y que permiten obtener informaci\u00f3n relativa a su navegaci\u00f3n o un c\u00f3digo que permite identificar un\u00edvocamente al usuario.<\/p>\n<p>&nbsp;<\/p>\n<h3><strong>2. TIPOLOG\u00cdA DE COOKIES Y FINALIDADES DE USO<\/strong><\/h3>\n<p>Al navegar por este sitio web se utilizan Cookies de sesi\u00f3n y Cookies persistentes que, a su vez, pueden ser Cookies propias o de terceros.<\/p>\n<p>Las Cookies de sesi\u00f3n son cookies dise\u00f1adas para recabar y almacenar datos mientras el usuario accede a una p\u00e1gina web. Se suelen emplear para almacenar informaci\u00f3n que solo interesa conservar para la prestaci\u00f3n del servicio solicitado por el usuario en una sola ocasi\u00f3n.<\/p>\n<p>Las Cookies persistentes son un tipo de cookies en el que los datos siguen almacenados en el terminal y a los que se puede acceder y tratar durante un periodo definido por el responsable de la cookie, y que puede ir de unos minutos a varios a\u00f1os.<\/p>\n<p><strong>COOKIES PROPIAS<\/strong>. Son aquellas que se env\u00edan al equipo terminal del usuario desde un equipo o dominio gestionado por el propio editor y desde el que se presta el servicio solicitado por el usuario<\/p>\n<p><strong>COOKIES DE TERCEROS<\/strong>: Las administradas por prestadores de servicios de an\u00e1lisis ajenos a\u00a0<a href=\"http:\/\/lapiara.com\/\">www.lapiara.com<\/a>. A continuaci\u00f3n, se detalla el tercero que puede configurar y acceder a Cookies (no exentas de informaci\u00f3n y consentimiento) de su equipo, como la finalidad con la que es utilizada la informaci\u00f3n que almacena.<\/p>\n<p>Concretamente, se utilizan las siguientes cookies en el sitio web:<\/p>\n<div class=\"table-responsive my-4\">\n<table class=\"table\">\n<tbody>\n<tr>\n<th>COOKIE<\/th>\n<th>FINALIDAD<\/th>\n<th>SEG\u00daN ENTIDAD QUE LA GESTIONE<\/th>\n<th>M\u00c1S INFORMACI\u00d3N<\/th>\n<th>PER\u00cdODO DE CONSERVACI\u00d3N<\/th>\n<\/tr>\n<tr>\n<td><strong>cookie_gir<\/strong><\/td>\n<td>T\u00e9cnica<\/td>\n<td>lapiara.com<\/td>\n<td>Almacena el estado de consentimiento de cookies del usuario para el dominio actual<\/td>\n<td>1 a\u00f1o<\/td>\n<\/tr>\n<tr>\n<td><strong>_ga<\/strong><\/td>\n<td>An\u00e1lisis<\/td>\n<td>Google<\/td>\n<td>Registra una identificaci\u00f3n \u00fanica que se utiliza para generar datos estad\u00edsticos acerca de c\u00f3mo utiliza el visitante el sitio web.<\/td>\n<td>2 a\u00f1os<\/td>\n<\/tr>\n<tr>\n<td><strong>_ga#<\/strong><\/td>\n<td>An\u00e1lisis<\/td>\n<td>Google<\/td>\n<td>Recopila datos sobre el n\u00famero de veces que un usuario ha visitado el sitio web adem\u00e1s de las fechas de la primera visita y de la m\u00e1s reciente. Utilizada por Google Analytics.<\/td>\n<td>2 a\u00f1os<\/td>\n<\/tr>\n<tr>\n<td><strong>_gcl_au<\/strong><\/td>\n<td>An\u00e1lisis<\/td>\n<td>Google<\/td>\n<td>Para almacenar y rastrear conversiones. Utilizada por Google Adsense.<\/td>\n<td>Persistente<\/td>\n<\/tr>\n<tr>\n<td><strong>_gid<\/strong><\/td>\n<td>An\u00e1lisis<\/td>\n<td>Google<\/td>\n<td>Distingue usuarias durante 24 horas. Utilizada por Google Analytics.<\/td>\n<td>Sesi\u00f3n<\/td>\n<\/tr>\n<tr>\n<td><strong>VISITOR_INFO1_LIVE<\/strong><\/td>\n<td>Publicitaria<\/td>\n<td>YouTube<\/td>\n<td>Registra una identificaci\u00f3n \u00fanica para mantener estad\u00edsticas de qu\u00e9 v\u00eddeos de YouTube ha visto el usuario.<\/td>\n<td>Sesi\u00f3n<\/td>\n<\/tr>\n<tr>\n<td><strong>VISITOR_PRIVACY_METADATA<\/strong><\/td>\n<td>Publicitaria<\/td>\n<td>YouTube<\/td>\n<td>Se utiliza para rastrear y enriquecer la configuraci\u00f3n de privacidad de los usuarios en la plataforma Youtube.<\/td>\n<td>Sesi\u00f3n<\/td>\n<\/tr>\n<tr>\n<td><strong>YSC<\/strong><\/td>\n<td>Publicitaria<\/td>\n<td>YouTube<\/td>\n<td>Registra una identificaci\u00f3n \u00fanica para mantener estad\u00edsticas de qu\u00e9 v\u00eddeos de YouTube ha visto el usuario.<\/td>\n<td>Sesi\u00f3n<\/td>\n<\/tr>\n<\/tbody>\n<\/table>\n<p>&nbsp;<\/p>\n<\/div>\n<h3><strong>3. DESACTIVACI\u00d3N O ELIMINACI\u00d3N DE LAS COOKIES<\/strong><\/h3>\n<p>En el sitio web \u00fanicamente se utilizan las cookies que el Usuario haya autorizado previamente. En todo caso, el Usuario puede modificar sus preferencias accediendo al <a class=\"btn-configuration-cookies\" style=\"cursor: pointer; color: #6e95b3;\">panel de configuraci\u00f3n de las cookies<\/a>.<\/p>\n<p>El Usuario debe tener en cuenta que algunas caracter\u00edsticas de los contenidos de la p\u00e1gina web solo est\u00e1n disponibles si se permite la instalaci\u00f3n de Cookies en su navegador. Si decide no aceptar o bloquear determinadas Cookies (en funci\u00f3n de su finalidad), puede que esto afecte, total o parcialmente, al funcionamiento normal de la p\u00e1gina web o que impida el acceso a algunos servicios de la misma.<\/p>\n<p>Por otro lado, la mayor\u00eda de los navegadores web permite gestionar, en cualquier momento, las preferencias del Usuario sobre el uso de las Cookies. El Usuario puede ajustar su navegador para que rechace Cookies o elimine determinadas Cookies seg\u00fan su criterio.<\/p>\n<p>Para la configuraci\u00f3n de las Cookies el Usuario puede acceder a:<\/p>\n<p><strong>Google Chrome:<\/strong>\u00a0Herramientas \u2192 Configuraci\u00f3n \u2192 Mostrar configuraci\u00f3n avanzada \u2192 configuraci\u00f3n de contenido \u2192 Cookies \u2192 Bloquear los datos de sitios y las cookies de terceros<\/p>\n<p><strong>Mozilla Firefox:<\/strong>\u00a0Herramientas \u2192 Opciones \u2192 Privacidad \u2192 Historial \u2192 Usar una configuraci\u00f3n personalizada para el historial (desmarcar todas las casillas).<\/p>\n<p><strong>Internet Explorer:<\/strong>\u00a0Herramientas \u2192 Seguridad \u2192 Eliminar el historial de exploraci\u00f3n \u2192 Seleccionar Cookies y datos del sitio web\u2192 Eliminar.<\/p>\n<p><strong>Safari:<\/strong>\u00a0Edici\u00f3n \u2192 Preferencias \u2192 Privacidad \u2192 Bloquear cookies (seleccionar \u201csiempre\u201d).<\/p>\n<p><strong>Opera 19:<\/strong>\u00a0Men\u00fa \u2192 Configuraci\u00f3n \u2192 Privacidad y seguridad \u2192 Secci\u00f3n Cookies (seleccionar Bloquear cookies de terceros y datos de sitio).<\/p>\n<p>El Usuario puede revocar su consentimiento para el uso de cookies en su navegador a trav\u00e9s de las indicaciones anteriores o a trav\u00e9s de la instalaci\u00f3n de un sistema de rechazo, (\u201copt-out\u201d) en su navegador web. Algunos terceros facilitan este rechazo a trav\u00e9s del siguiente enlace:<\/p>\n<p>Opt-out de Google Analytics:\u00a0<a href=\"https:\/\/tools.google.com\/dlpage\/gaoptout?hl=None\">https:\/\/tools.google.com\/dlpage\/gaoptout?hl=None<\/a><\/p>\n<p>&nbsp;<\/p>\n<h3><strong>4. ACTUALIZACIONES Y CAMBIOS EN LA POL\u00cdTICA DE COOKIES<\/strong><\/h3>\n<p>LP FOODIES puede modificar esta Pol\u00edtica de Cookies en funci\u00f3n de nuevas exigencias legislativas, reglamentarias, o con la finalidad de adaptar dicha pol\u00edtica a las instrucciones dictadas por la Agencia Espa\u00f1ola de Protecci\u00f3n de Datos.<\/p>\n<p>Cuando se produzcan cambios significativos en esta Pol\u00edtica de Cookies se comunicar\u00e1 al usuario (bien mediante un aviso informativo en la p\u00e1gina web del editor, bien a trav\u00e9s de correo electr\u00f3nico para los usuarios registrados).<\/p>\n<p>Si desea m\u00e1s informaci\u00f3n sobre qu\u00e9 uso hacemos de las cookies, puede consultarnos a trav\u00e9s del siguiente <a href=\"http:\/\/lapiara.com\/es\/contacto\/\">formulario de contacto<\/a>.<\/p>\n<p>Esta p\u00e1gina web ha sido objeto de verificaci\u00f3n, con fecha 24.04.2023.<\/p>\n<p>Todos los derechos reservados \u00a9 LP FOODIES, S.A.U. 2023<\/p>\n","protected":false},"excerpt":{"rendered":"<p>La presente Pol\u00edtica de Cookies describe los distintos tipos de cookies que se utilizan en relaci\u00f3n con este sitio web, cuya propiedad y control pertenece a LP FOODIES, S.A.U., con domicilio social en Manlleu (Barcelona), Ctra. BV-4608, Manlleu-La Gleva, km. 2,1, (en adelante, \u201cLP FOODIES\u201d), desde el que accede a esta Pol\u00edtica de cookies. LP [&hellip;]<\/p>\n","protected":false},"author":1,"featured_media":0,"parent":0,"menu_order":0,"comment_status":"closed","ping_status":"closed","template":"","meta":{"footnotes":""},"class_list":["post-25","page","type-page","status-publish","hentry"],"yoast_head":"<!-- This site is optimized with the Yoast SEO plugin v27.4 - https:\/\/yoast.com\/product\/yoast-seo-wordpress\/ -->\n<title>Pol\u00edtica de cookies - La Piara<\/title>\n<meta name=\"description\" content=\"La presente Pol\u00edtica de Cookies describe los distintos tipos de cookies que se utilizan en relaci\u00f3n con este sitio web, cuya propiedad y control pertenece\" \/>\n<meta name=\"robots\" content=\"noindex, follow\" \/>\n<meta property=\"og:locale\" content=\"es_ES\" \/>\n<meta property=\"og:type\" content=\"article\" \/>\n<meta property=\"og:title\" content=\"Pol\u00edtica de cookies - La Piara\" \/>\n<meta property=\"og:description\" content=\"La presente Pol\u00edtica de Cookies describe los distintos tipos de cookies que se utilizan en relaci\u00f3n con este sitio web, cuya propiedad y control pertenece\" \/>\n<meta property=\"og:url\" content=\"https:\/\/lapiara.com\/es\/politica-de-cookies\/\" \/>\n<meta property=\"og:site_name\" content=\"La Piara\" \/>\n<meta property=\"article:modified_time\" content=\"2024-09-12T09:45:13+00:00\" \/>\n<meta name=\"twitter:card\" content=\"summary_large_image\" \/>\n<meta name=\"twitter:label1\" content=\"Tiempo de lectura\" \/>\n\t<meta name=\"twitter:data1\" content=\"5 minutos\" \/>\n<script type=\"application\/ld+json\" class=\"yoast-schema-graph\">{\"@context\":\"https:\\\/\\\/schema.org\",\"@graph\":[{\"@type\":\"WebPage\",\"@id\":\"https:\\\/\\\/lapiara.com\\\/es\\\/politica-de-cookies\\\/\",\"url\":\"https:\\\/\\\/lapiara.com\\\/es\\\/politica-de-cookies\\\/\",\"name\":\"Pol\u00edtica de cookies - La Piara\",\"isPartOf\":{\"@id\":\"https:\\\/\\\/lapiara.com\\\/es\\\/#website\"},\"datePublished\":\"2021-01-13T11:16:39+00:00\",\"dateModified\":\"2024-09-12T09:45:13+00:00\",\"description\":\"La presente Pol\u00edtica de Cookies describe los distintos tipos de cookies que se utilizan en relaci\u00f3n con este sitio web, cuya propiedad y control pertenece\",\"breadcrumb\":{\"@id\":\"https:\\\/\\\/lapiara.com\\\/es\\\/politica-de-cookies\\\/#breadcrumb\"},\"inLanguage\":\"es\",\"potentialAction\":[{\"@type\":\"ReadAction\",\"target\":[\"https:\\\/\\\/lapiara.com\\\/es\\\/politica-de-cookies\\\/\"]}]},{\"@type\":\"BreadcrumbList\",\"@id\":\"https:\\\/\\\/lapiara.com\\\/es\\\/politica-de-cookies\\\/#breadcrumb\",\"itemListElement\":[{\"@type\":\"ListItem\",\"position\":1,\"name\":\"Portada\",\"item\":\"https:\\\/\\\/lapiara.com\\\/es\\\/\"},{\"@type\":\"ListItem\",\"position\":2,\"name\":\"Pol\u00edtica de cookies\"}]},{\"@type\":\"WebSite\",\"@id\":\"https:\\\/\\\/lapiara.com\\\/es\\\/#website\",\"url\":\"https:\\\/\\\/lapiara.com\\\/es\\\/\",\"name\":\"La Piara\",\"description\":\"M\u00e1s buenos que el pan\",\"publisher\":{\"@id\":\"https:\\\/\\\/lapiara.com\\\/es\\\/#organization\"},\"potentialAction\":[{\"@type\":\"SearchAction\",\"target\":{\"@type\":\"EntryPoint\",\"urlTemplate\":\"https:\\\/\\\/lapiara.com\\\/es\\\/?s={search_term_string}\"},\"query-input\":{\"@type\":\"PropertyValueSpecification\",\"valueRequired\":true,\"valueName\":\"search_term_string\"}}],\"inLanguage\":\"es\"},{\"@type\":\"Organization\",\"@id\":\"https:\\\/\\\/lapiara.com\\\/es\\\/#organization\",\"name\":\"La Piara\",\"url\":\"https:\\\/\\\/lapiara.com\\\/es\\\/\",\"logo\":{\"@type\":\"ImageObject\",\"inLanguage\":\"es\",\"@id\":\"https:\\\/\\\/lapiara.com\\\/es\\\/#\\\/schema\\\/logo\\\/image\\\/\",\"url\":\"http:\\\/\\\/lapiara.com\\\/wp-content\\\/uploads\\\/2021\\\/01\\\/af-logo-la-piara.png\",\"contentUrl\":\"http:\\\/\\\/lapiara.com\\\/wp-content\\\/uploads\\\/2021\\\/01\\\/af-logo-la-piara.png\",\"width\":1733,\"height\":586,\"caption\":\"La Piara\"},\"image\":{\"@id\":\"https:\\\/\\\/lapiara.com\\\/es\\\/#\\\/schema\\\/logo\\\/image\\\/\"},\"sameAs\":[\"https:\\\/\\\/www.instagram.com\\\/naturalmentelapiara\\\/\"]}]}<\/script>\n<!-- \/ Yoast SEO plugin. -->","yoast_head_json":{"title":"Pol\u00edtica de cookies - La Piara","description":"La presente Pol\u00edtica de Cookies describe los distintos tipos de cookies que se utilizan en relaci\u00f3n con este sitio web, cuya propiedad y control pertenece","robots":{"index":"noindex","follow":"follow"},"og_locale":"es_ES","og_type":"article","og_title":"Pol\u00edtica de cookies - La Piara","og_description":"La presente Pol\u00edtica de Cookies describe los distintos tipos de cookies que se utilizan en relaci\u00f3n con este sitio web, cuya propiedad y control pertenece","og_url":"https:\/\/lapiara.com\/es\/politica-de-cookies\/","og_site_name":"La Piara","article_modified_time":"2024-09-12T09:45:13+00:00","twitter_card":"summary_large_image","twitter_misc":{"Tiempo de lectura":"5 minutos"},"schema":{"@context":"https:\/\/schema.org","@graph":[{"@type":"WebPage","@id":"https:\/\/lapiara.com\/es\/politica-de-cookies\/","url":"https:\/\/lapiara.com\/es\/politica-de-cookies\/","name":"Pol\u00edtica de cookies - La Piara","isPartOf":{"@id":"https:\/\/lapiara.com\/es\/#website"},"datePublished":"2021-01-13T11:16:39+00:00","dateModified":"2024-09-12T09:45:13+00:00","description":"La presente Pol\u00edtica de Cookies describe los distintos tipos de cookies que se utilizan en relaci\u00f3n con este sitio web, cuya propiedad y control pertenece","breadcrumb":{"@id":"https:\/\/lapiara.com\/es\/politica-de-cookies\/#breadcrumb"},"inLanguage":"es","potentialAction":[{"@type":"ReadAction","target":["https:\/\/lapiara.com\/es\/politica-de-cookies\/"]}]},{"@type":"BreadcrumbList","@id":"https:\/\/lapiara.com\/es\/politica-de-cookies\/#breadcrumb","itemListElement":[{"@type":"ListItem","position":1,"name":"Portada","item":"https:\/\/lapiara.com\/es\/"},{"@type":"ListItem","position":2,"name":"Pol\u00edtica de cookies"}]},{"@type":"WebSite","@id":"https:\/\/lapiara.com\/es\/#website","url":"https:\/\/lapiara.com\/es\/","name":"La Piara","description":"M\u00e1s buenos que el pan","publisher":{"@id":"https:\/\/lapiara.com\/es\/#organization"},"potentialAction":[{"@type":"SearchAction","target":{"@type":"EntryPoint","urlTemplate":"https:\/\/lapiara.com\/es\/?s={search_term_string}"},"query-input":{"@type":"PropertyValueSpecification","valueRequired":true,"valueName":"search_term_string"}}],"inLanguage":"es"},{"@type":"Organization","@id":"https:\/\/lapiara.com\/es\/#organization","name":"La Piara","url":"https:\/\/lapiara.com\/es\/","logo":{"@type":"ImageObject","inLanguage":"es","@id":"https:\/\/lapiara.com\/es\/#\/schema\/logo\/image\/","url":"http:\/\/lapiara.com\/wp-content\/uploads\/2021\/01\/af-logo-la-piara.png","contentUrl":"http:\/\/lapiara.com\/wp-content\/uploads\/2021\/01\/af-logo-la-piara.png","width":1733,"height":586,"caption":"La Piara"},"image":{"@id":"https:\/\/lapiara.com\/es\/#\/schema\/logo\/image\/"},"sameAs":["https:\/\/www.instagram.com\/naturalmentelapiara\/"]}]}},"_links":{"self":[{"href":"https:\/\/lapiara.com\/es\/wp-json\/wp\/v2\/pages\/25","targetHints":{"allow":["GET"]}}],"collection":[{"href":"https:\/\/lapiara.com\/es\/wp-json\/wp\/v2\/pages"}],"about":[{"href":"https:\/\/lapiara.com\/es\/wp-json\/wp\/v2\/types\/page"}],"author":[{"embeddable":true,"href":"https:\/\/lapiara.com\/es\/wp-json\/wp\/v2\/users\/1"}],"replies":[{"embeddable":true,"href":"https:\/\/lapiara.com\/es\/wp-json\/wp\/v2\/comments?post=25"}],"version-history":[{"count":10,"href":"https:\/\/lapiara.com\/es\/wp-json\/wp\/v2\/pages\/25\/revisions"}],"predecessor-version":[{"id":1172,"href":"https:\/\/lapiara.com\/es\/wp-json\/wp\/v2\/pages\/25\/revisions\/1172"}],"wp:attachment":[{"href":"https:\/\/lapiara.com\/es\/wp-json\/wp\/v2\/media?parent=25"}],"curies":[{"name":"wp","href":"https:\/\/api.w.org\/{rel}","templated":true}]}}