{"id":19,"date":"2021-01-13T12:15:05","date_gmt":"2021-01-13T11:15:05","guid":{"rendered":"http:\/\/lapiara.com\/?page_id=19"},"modified":"2023-03-30T10:01:24","modified_gmt":"2023-03-30T08:01:24","slug":"nuestra-cocina","status":"publish","type":"page","link":"https:\/\/lapiara.com\/es\/nuestra-cocina\/","title":{"rendered":"Nuestra cocina"},"content":{"rendered":"<h1>\u00bfC\u00f3mo Cocinamos?<\/h1>\n<p>Cocinamos nuestras <strong>recetas<\/strong> como lo har\u00edas en casa, cuidando cada detalle para garantizar as\u00ed la <br \/><strong>m\u00e1xima calidad<\/strong> y el <strong>mejor sabor<\/strong> de todas ellas.<\/p>\n","protected":false},"excerpt":{"rendered":"<p>\u00bfC\u00f3mo Cocinamos? Cocinamos nuestras recetas como lo har\u00edas en casa, cuidando cada detalle para garantizar as\u00ed la m\u00e1xima calidad y el mejor sabor de todas ellas.<\/p>\n","protected":false},"author":1,"featured_media":0,"parent":0,"menu_order":0,"comment_status":"closed","ping_status":"closed","template":"page-templates\/nuestra-cocina.php","meta":{"footnotes":""},"class_list":["post-19","page","type-page","status-publish","hentry"],"yoast_head":"<!-- This site is optimized with the Yoast SEO plugin v26.9 - https:\/\/yoast.com\/product\/yoast-seo-wordpress\/ -->\n<title>Nuestra cocina - La Piara<\/title>\n<meta name=\"description\" content=\"\u00bfC\u00f3mo Cocinamos? Cocinamos nuestras recetas como lo har\u00edas en casa, cuidando cada detalle para garantizar as\u00ed la m\u00e1xima calidad y el mejor sabor de todas\" \/>\n<meta name=\"robots\" content=\"index, follow, max-snippet:-1, max-image-preview:large, max-video-preview:-1\" \/>\n<link rel=\"canonical\" href=\"https:\/\/lapiara.com\/es\/nuestra-cocina\/\" \/>\n<meta property=\"og:locale\" content=\"es_ES\" \/>\n<meta property=\"og:type\" content=\"article\" \/>\n<meta property=\"og:title\" content=\"Nuestra cocina - La Piara\" \/>\n<meta property=\"og:description\" content=\"\u00bfC\u00f3mo Cocinamos? Cocinamos nuestras recetas como lo har\u00edas en casa, cuidando cada detalle para garantizar as\u00ed la m\u00e1xima calidad y el mejor sabor de todas\" \/>\n<meta property=\"og:url\" content=\"https:\/\/lapiara.com\/es\/nuestra-cocina\/\" \/>\n<meta property=\"og:site_name\" content=\"La Piara\" \/>\n<meta property=\"article:modified_time\" content=\"2023-03-30T08:01:24+00:00\" \/>\n<meta name=\"twitter:card\" content=\"summary_large_image\" \/>\n<meta name=\"twitter:label1\" content=\"Tiempo de lectura\" \/>\n\t<meta name=\"twitter:data1\" content=\"1 minuto\" \/>\n<script type=\"application\/ld+json\" class=\"yoast-schema-graph\">{\"@context\":\"https:\/\/schema.org\",\"@graph\":[{\"@type\":\"WebPage\",\"@id\":\"https:\/\/lapiara.com\/es\/nuestra-cocina\/\",\"url\":\"https:\/\/lapiara.com\/es\/nuestra-cocina\/\",\"name\":\"Nuestra cocina - La Piara\",\"isPartOf\":{\"@id\":\"https:\/\/lapiara.com\/es\/#website\"},\"datePublished\":\"2021-01-13T11:15:05+00:00\",\"dateModified\":\"2023-03-30T08:01:24+00:00\",\"description\":\"\u00bfC\u00f3mo Cocinamos? Cocinamos nuestras recetas como lo har\u00edas en casa, cuidando cada detalle para garantizar as\u00ed la m\u00e1xima calidad y el mejor sabor de todas\",\"breadcrumb\":{\"@id\":\"https:\/\/lapiara.com\/es\/nuestra-cocina\/#breadcrumb\"},\"inLanguage\":\"es\",\"potentialAction\":[{\"@type\":\"ReadAction\",\"target\":[\"https:\/\/lapiara.com\/es\/nuestra-cocina\/\"]}]},{\"@type\":\"BreadcrumbList\",\"@id\":\"https:\/\/lapiara.com\/es\/nuestra-cocina\/#breadcrumb\",\"itemListElement\":[{\"@type\":\"ListItem\",\"position\":1,\"name\":\"Portada\",\"item\":\"https:\/\/lapiara.com\/es\/\"},{\"@type\":\"ListItem\",\"position\":2,\"name\":\"Nuestra cocina\"}]},{\"@type\":\"WebSite\",\"@id\":\"https:\/\/lapiara.com\/es\/#website\",\"url\":\"https:\/\/lapiara.com\/es\/\",\"name\":\"La Piara\",\"description\":\"M\u00e1s buenos que el pan\",\"publisher\":{\"@id\":\"https:\/\/lapiara.com\/es\/#organization\"},\"potentialAction\":[{\"@type\":\"SearchAction\",\"target\":{\"@type\":\"EntryPoint\",\"urlTemplate\":\"https:\/\/lapiara.com\/es\/?s={search_term_string}\"},\"query-input\":{\"@type\":\"PropertyValueSpecification\",\"valueRequired\":true,\"valueName\":\"search_term_string\"}}],\"inLanguage\":\"es\"},{\"@type\":\"Organization\",\"@id\":\"https:\/\/lapiara.com\/es\/#organization\",\"name\":\"La Piara\",\"url\":\"https:\/\/lapiara.com\/es\/\",\"logo\":{\"@type\":\"ImageObject\",\"inLanguage\":\"es\",\"@id\":\"https:\/\/lapiara.com\/es\/#\/schema\/logo\/image\/\",\"url\":\"http:\/\/lapiara.com\/wp-content\/uploads\/2021\/01\/af-logo-la-piara.png\",\"contentUrl\":\"http:\/\/lapiara.com\/wp-content\/uploads\/2021\/01\/af-logo-la-piara.png\",\"width\":1733,\"height\":586,\"caption\":\"La Piara\"},\"image\":{\"@id\":\"https:\/\/lapiara.com\/es\/#\/schema\/logo\/image\/\"},\"sameAs\":[\"https:\/\/www.instagram.com\/naturalmentelapiara\/\"]}]}<\/script>\n<!-- \/ Yoast SEO plugin. -->","yoast_head_json":{"title":"Nuestra cocina - La Piara","description":"\u00bfC\u00f3mo Cocinamos? Cocinamos nuestras recetas como lo har\u00edas en casa, cuidando cada detalle para garantizar as\u00ed la m\u00e1xima calidad y el mejor sabor de todas","robots":{"index":"index","follow":"follow","max-snippet":"max-snippet:-1","max-image-preview":"max-image-preview:large","max-video-preview":"max-video-preview:-1"},"canonical":"https:\/\/lapiara.com\/es\/nuestra-cocina\/","og_locale":"es_ES","og_type":"article","og_title":"Nuestra cocina - La Piara","og_description":"\u00bfC\u00f3mo Cocinamos? Cocinamos nuestras recetas como lo har\u00edas en casa, cuidando cada detalle para garantizar as\u00ed la m\u00e1xima calidad y el mejor sabor de todas","og_url":"https:\/\/lapiara.com\/es\/nuestra-cocina\/","og_site_name":"La Piara","article_modified_time":"2023-03-30T08:01:24+00:00","twitter_card":"summary_large_image","twitter_misc":{"Tiempo de lectura":"1 minuto"},"schema":{"@context":"https:\/\/schema.org","@graph":[{"@type":"WebPage","@id":"https:\/\/lapiara.com\/es\/nuestra-cocina\/","url":"https:\/\/lapiara.com\/es\/nuestra-cocina\/","name":"Nuestra cocina - La Piara","isPartOf":{"@id":"https:\/\/lapiara.com\/es\/#website"},"datePublished":"2021-01-13T11:15:05+00:00","dateModified":"2023-03-30T08:01:24+00:00","description":"\u00bfC\u00f3mo Cocinamos? Cocinamos nuestras recetas como lo har\u00edas en casa, cuidando cada detalle para garantizar as\u00ed la m\u00e1xima calidad y el mejor sabor de todas","breadcrumb":{"@id":"https:\/\/lapiara.com\/es\/nuestra-cocina\/#breadcrumb"},"inLanguage":"es","potentialAction":[{"@type":"ReadAction","target":["https:\/\/lapiara.com\/es\/nuestra-cocina\/"]}]},{"@type":"BreadcrumbList","@id":"https:\/\/lapiara.com\/es\/nuestra-cocina\/#breadcrumb","itemListElement":[{"@type":"ListItem","position":1,"name":"Portada","item":"https:\/\/lapiara.com\/es\/"},{"@type":"ListItem","position":2,"name":"Nuestra cocina"}]},{"@type":"WebSite","@id":"https:\/\/lapiara.com\/es\/#website","url":"https:\/\/lapiara.com\/es\/","name":"La Piara","description":"M\u00e1s buenos que el pan","publisher":{"@id":"https:\/\/lapiara.com\/es\/#organization"},"potentialAction":[{"@type":"SearchAction","target":{"@type":"EntryPoint","urlTemplate":"https:\/\/lapiara.com\/es\/?s={search_term_string}"},"query-input":{"@type":"PropertyValueSpecification","valueRequired":true,"valueName":"search_term_string"}}],"inLanguage":"es"},{"@type":"Organization","@id":"https:\/\/lapiara.com\/es\/#organization","name":"La Piara","url":"https:\/\/lapiara.com\/es\/","logo":{"@type":"ImageObject","inLanguage":"es","@id":"https:\/\/lapiara.com\/es\/#\/schema\/logo\/image\/","url":"http:\/\/lapiara.com\/wp-content\/uploads\/2021\/01\/af-logo-la-piara.png","contentUrl":"http:\/\/lapiara.com\/wp-content\/uploads\/2021\/01\/af-logo-la-piara.png","width":1733,"height":586,"caption":"La Piara"},"image":{"@id":"https:\/\/lapiara.com\/es\/#\/schema\/logo\/image\/"},"sameAs":["https:\/\/www.instagram.com\/naturalmentelapiara\/"]}]}},"_links":{"self":[{"href":"https:\/\/lapiara.com\/es\/wp-json\/wp\/v2\/pages\/19","targetHints":{"allow":["GET"]}}],"collection":[{"href":"https:\/\/lapiara.com\/es\/wp-json\/wp\/v2\/pages"}],"about":[{"href":"https:\/\/lapiara.com\/es\/wp-json\/wp\/v2\/types\/page"}],"author":[{"embeddable":true,"href":"https:\/\/lapiara.com\/es\/wp-json\/wp\/v2\/users\/1"}],"replies":[{"embeddable":true,"href":"https:\/\/lapiara.com\/es\/wp-json\/wp\/v2\/comments?post=19"}],"version-history":[{"count":8,"href":"https:\/\/lapiara.com\/es\/wp-json\/wp\/v2\/pages\/19\/revisions"}],"predecessor-version":[{"id":626,"href":"https:\/\/lapiara.com\/es\/wp-json\/wp\/v2\/pages\/19\/revisions\/626"}],"wp:attachment":[{"href":"https:\/\/lapiara.com\/es\/wp-json\/wp\/v2\/media?parent=19"}],"curies":[{"name":"wp","href":"https:\/\/api.w.org\/{rel}","templated":true}]}}