{"id":1131,"date":"2024-04-03T15:11:36","date_gmt":"2024-04-03T13:11:36","guid":{"rendered":"http:\/\/lapiara.com\/?page_id=1131"},"modified":"2024-04-03T15:11:36","modified_gmt":"2024-04-03T13:11:36","slug":"privacidad-reclamaciones-y-consultas","status":"publish","type":"page","link":"https:\/\/lapiara.com\/es\/privacidad-reclamaciones-y-consultas\/","title":{"rendered":"Privacidad reclamaciones y consultas"},"content":{"rendered":"<p>En cumplimiento de la normativa vigente en materia de protecci\u00f3n de datos, Reglamento (UE) 2016\/769 del Parlamento Europeo y del Consejo de 27 de abril de 2016 GDPR), y Ley Org\u00e1nica de Protecci\u00f3n de Datos Personales y Garant\u00eda de Derechos Digitales (LOPDGDD, 3\/2018 de 5 de diciembre), le informamos de la Pol\u00edtica de Protecci\u00f3n de Datos Personales en lo que se refiere al tratamiento de los datos personales facilitados por los usuarios de los portales de las compa\u00f1\u00edas del Grupo Adam Foods a trav\u00e9s de los formularios de \u201cContacto\u201d de nuestras webs, por v\u00eda telef\u00f3nica o por correo postal.<\/p>\n<h3>POL\u00cdTICA DE PRIVACIDAD Y PROTECCI\u00d3N DE DATOS PERSONALES<\/h3>\n<p>Grupo Adam Foods se compromete a cumplir con la legislaci\u00f3n vigente en materia de protecci\u00f3n de datos de car\u00e1cter personal.<\/p>\n<p>Grupo Adam Foods garantiza que tratar\u00e1 confidencialmente los datos personales que le sean facilitados por los usuarios de este portal as\u00ed como que aplica las medidas de seguridad adecuadas, de tipo f\u00edsico, t\u00e9cnico y organizativo, para la protecci\u00f3n de sus datos personales.<\/p>\n<p>Usted garantiza y responde, en cualquier caso, de la veracidad, exactitud, vigencia y autenticidad de los datos personales proporcionados y se compromete a mantenerlos debidamente actualizados.<\/p>\n<h4>1. CORRESPONSABILIDAD EN EL TRATAMIENTO DE SUS DATOS PERSONALES<\/h4>\n<p>A efectos de lo dispuesto en el art\u00edculo 26 del RGPD, ser\u00e1n corresponsables cuando dos o m\u00e1s empresas del grupo <strong>determinan conjuntamente los objetivos y los medios del tratamiento<\/strong>.<\/p>\n<p>Para cumplir con el principio de transparencia y con las obligaciones que tienen los responsables del tratamiento, sobre todo en lo relativo a los derechos del interesado, se informa a los usuarios que las principales implicaciones de la corresponsabilidad son las siguientes:<\/p>\n<ul>\n<li>Los corresponsables han suscrito un <strong>acuerdo de corresponsabilidad<\/strong> que establece la colaboraci\u00f3n entre las Empresas del Grupo Adam Foods en las actividades que impliquen el tratamiento de datos personales para satisfacer la finalidad que se establece en el apartado 2 de esta Pol\u00edtica de Privacidad.<\/li>\n<li>Las operaciones y actividades del tratamiento de los datos personales tendr\u00e1n las mismas finalidades, base de legitimaci\u00f3n y destinatarios para cada una de las empresas corresponsables.<\/li>\n<li>Todas las empresas corresponsables otorgar\u00e1n a todos los interesados los mismos derechos en materia de privacidad y protecci\u00f3n de datos.<\/li>\n<li>Se establece un punto de contacto centralizado para el ejercicio de los derechos de los interesados, brechas de seguridad y cumplimiento de esta Pol\u00edtica.<\/li>\n<li>La modificaci\u00f3n del r\u00e9gimen de corresponsabilidad o de cualquier actividad u operaci\u00f3n del tratamiento de los datos personales requerir\u00e1 el acuerdo de las Empresas del Grupo Adam Foods y ser\u00e1 notificada a los usuarios en la medida en que afecte al tratamiento de sus datos personales.<\/li>\n<\/ul>\n<h4>2. CORRESPONSABLES DEL TRATAMIENTO<\/h4>\n<p>A los efectos de la presente Pol\u00edtica de Protecci\u00f3n de Datos, el responsable del tratamiento de los datos personales son todas las personas jur\u00eddicas relacionadas en el <strong>ANEXO I: Empresas del Grupo Adam Foods<\/strong> y act\u00faan como corresponsables para el tratamiento de la <strong>Gesti\u00f3n de consultas y reclamaciones<\/strong>.<\/p>\n<p>Puede usar la siguiente direcci\u00f3n para contactar con nosotros: <a href=\"mailto:info@adamfoods.es\">info@adamfoods.es<\/a> indicando en el asunto \u201cReclamaciones y Consultas\u201d.<\/p>\n<h4>3. FINALIDAD Y LEGITIMACION DEL TRATAMIENTO DE SUS DATOS PERSONALES<\/h4>\n<p>Grupo Adam Foods trata los datos identificativos (nombre, DNI, edad, direcci\u00f3n, tel\u00e9fono, direcci\u00f3n de correo electr\u00f3nico) y datos de caracter\u00edsticas personales (edad) facilitados por los usuarios en el formulario de \u201cContacto\u201d, por v\u00eda telef\u00f3nica o por correo postal, con la finalidad de gestionar y dar respuesta las consultas y reclamaciones recibidas de los usuarios.<\/p>\n<p>La legitimaci\u00f3n para el tratamiento de sus datos es el consentimiento expreso que se le solicita.<\/p>\n<p>Sus datos personales no se van a ceder a ninguna entidad a no ser que sea un requisito para cumplir con alguna obligaci\u00f3n legal aplicable a los Responsables del tratamiento. Tampoco se ha previsto la realizaci\u00f3n de transferencias internacionales de datos personales.<\/p>\n<h4>4. PER\u00cdODO DE CONSERVACI\u00d3N DE LOS DATOS<\/h4>\n<p>Sus datos personales ser\u00e1n conservados mientras sean necesarios para la consecuci\u00f3n de la finalidad indicada, as\u00ed como, en su caso, mientras no retire su consentimiento, o hasta que ejercite sus derechos de oposici\u00f3n o derecho de supresi\u00f3n.<\/p>\n<p>Una vez se haya dado alguno de estos supuestos, Grupo Adam Foods mantendr\u00e1 sus datos debidamente bloqueados durante el tiempo necesario para dar cumplimiento a las obligaciones legales o reglamentarias, durante los plazos de prescripci\u00f3n aplicables en la legislaci\u00f3n que, en su caso, resulte de aplicaci\u00f3n.<\/p>\n<p>Transcurrido el respectivo periodo de conservaci\u00f3n, Grupo Adam Foods eliminar\u00e1 los datos siempre que los mismos no deban ser conservados para otras finalidades que deban subsistir.<\/p>\n<h4>5. TRANSFERENCIAS INTERNACIONALES<\/h4>\n<p>El Grupo Adam Foods no prev\u00e9 la realizaci\u00f3n de transferencias internacionales de datos personales. No obstante, en el caso de que en un futuro se requiera la realizaci\u00f3n de alguna transferencia internacional se adoptaran las garant\u00edas adecuadas para cumplir con la normativa de protecci\u00f3n de datos y garantizar la seguridad de sus datos personales.<\/p>\n<h4>6. COMUNICACI\u00d3N DE DATOS<\/h4>\n<p>El Grupo Adam Foods no comunicar\u00e1 sus datos a terceros a no ser que exista una obligaci\u00f3n o habilitaci\u00f3n legal que as\u00ed lo establezca.<\/p>\n<p>As\u00ed mismo, para prestarle los servicios, el Grupo Adam Foods cuenta con proveedores de servicios que podr\u00e1n tener accesos a sus datos y actuaran en todo momento en nombre y por cuenta del Grupo Adam Foods, siguiendo nuestras instrucciones y, en ning\u00fan caso, dispondr\u00e1n de sus datos para finalidades propias.<\/p>\n<h4>7. EJERCICIO DE DERECHOS EN MATERIA DE PROTECCI\u00d3N DE DATOS<\/h4>\n<p>La normativa de protecci\u00f3n de datos le confiere una serie de derechos en relaci\u00f3n con el tratamiento de datos personales que se pueden resumir en:<\/p>\n<ul>\n<li><strong>Retirar el consentimiento<\/strong>:\u00a0En cualquier momento podr\u00e1 retirar su consentimiento pero ello no afectar\u00e1 a la licitud del tratamiento basado en el consentimiento previo a su retirada.<\/li>\n<li><strong>Acceder a sus datos<\/strong>:\u00a0derecho a acceder y conocer si estamos tratando sus datos personales, derecho a acceder a ellos y a solicitar informaci\u00f3n sobre c\u00f3mo y por qu\u00e9 motivos los estamos tratando y, en su caso, solicitar una copia de estos.<\/li>\n<li><strong>Solicitar la rectificaci\u00f3n o supresi\u00f3n de sus datos<\/strong>:\u00a0derecho a rectificar aquellos datos personales que estemos tratando y que usted considere como inexactos o, incluso, el derecho a solicitar la supresi\u00f3n de tales datos cuando ya no fueran necesarios para los fines que fueron recogidos.<\/li>\n<li><strong>Solicitar la limitaci\u00f3n del tratamiento de sus datos<\/strong>:\u00a0derecho a solicitarnos la limitaci\u00f3n del tratamiento de sus datos personales. En este caso, le informamos que conservar\u00edamos bloqueados los datos y que los usaremos \u00fanicamente para el ejercicio y defensa de reclamaciones, para aquello para lo que nos haya otorgado su consentimiento o para atender responsabilidades legales y contractuales.<\/li>\n<li><strong>Portabilidad<\/strong>:\u00a0Podr\u00e1 obtener una copia en formato electr\u00f3nico de los datos que est\u00e9n siendo tratados, as\u00ed como solicitar que sean transmitidos a otra entidad.<\/li>\n<li><strong>Oponerse al tratamiento de sus datos<\/strong>:\u00a0en determinadas circunstancias y por motivos relacionados con su situaci\u00f3n particular, tendr\u00e1 derecho a oponerse al tratamiento de sus datos en cuyo caso, dejar\u00edamos de tratarlos salvo que, por motivos leg\u00edtimos o para el ejercicio o la defensa de posibles reclamaciones, fuesen necesarios.<\/li>\n<\/ul>\n<p>Podr\u00e1 ejercitar sus derechos dirigiendo la oportuna solicitud en la siguiente direcci\u00f3n de correo electr\u00f3nico: <a href=\"mailto:info@adamfoods.es\">info@adamfoods.es<\/a> o por correo postal a Grupo ADAM FOODS, Travesera de Gracia, n\u00fam. 342, 08025 Barcelona, indicando en el sobre la referencia: REF: DATOS PERSONALES ATENCI\u00d3N AL CONSUMIDOR, proporcionando los detalles necesarios para atender su solicitud, principalmente el derecho que desea ejercitar.<\/p>\n<p>En el caso de no poderle identificar, le solicitaremos informaci\u00f3n adicional para identificarlo.<\/p>\n<p>Si considera que hay una incidencia con la forma en que Grupo Adam Foods est\u00e1 tratando sus datos, puede dirigir su reclamaci\u00f3n a la Agencia Espa\u00f1ola de Protecci\u00f3n de Datos a trav\u00e9s de su p\u00e1gina web: www.agpd.es.<\/p>\n<h4>8. MODIFICACIONES EN LA POL\u00cdTICA<\/h4>\n<p>Podemos modificar esta Pol\u00edtica de Privacidad y Protecci\u00f3n de Datos Personales en cualquier momento. Cualquier cambio en la misma ser\u00e1 publicado en el sitio web.<\/p>\n<p>Fecha de entrada en vigor: Marzo 2024<\/p>\n<p>&nbsp;<\/p>\n<h4>ANEXO I<\/h4>\n<p><strong>ADAM FOODS, S.L.U.<\/strong>, con NIF B-66372202 y domiciliada en 08025 Barcelona, Travessera de Gracia n\u00fam. 342.<br \/>\nCU\u00c9TARA, S.L.U., con NIF B-87127676 y domiciliada en 28590 Villarejo de Salvan\u00e9s (Madrid), Avda. Hermanos G\u00f3mez Cu\u00e9tara n\u00fam. 1.<\/p>\n<p><strong>CU\u00c9TARA 1951, S.L.U.<\/strong>, con NIF B-39806864 y domiciliada en 39200 Reinosa (Cantabria), Avda. de Castilla n\u00fam. 60.<\/p>\n<p><strong>GALLETAS ARTIACH, S.A.U.<\/strong>, con NIF A-64929250 y domiciliada en 48410 Orozko (Bizkaia), Barrio Bengoetxea n\u00fam. 20.<\/p>\n<p><strong>GRANJA SAN FRANCISCO, S.L.U.<\/strong>, con NIF B-55216758 y domiciliada en 17421 Riudarenes (Girona), C. Llevant, n\u00fam. 1, Pol. Ind. Can Pruna.<\/p>\n<p><strong>LP FOODIES, S.A.U.<\/strong>, con NIF A-08009359 y domiciliada en 08560 Manlleu (Barcelona), Ctra. BV-4608, Manlleu-La Gleva, Km. 2,1.<\/p>\n<p><strong>TRIGORICO, S.L.U.<\/strong>, con NIF B-87438750 y domiciliada en 39200 Reinosa (Cantabria), Avda. de Castilla n\u00fam. 60.<\/p>\n<p><strong>NUTPOR-PRODUTOS ALIMENTARES, UNIPESSOAL, LDA<\/strong>, con NIPC 501467130 y domiciliada en Consiglieri Park, Estrada Consiglieri Pedroso n\u00fam. 71, Edificio E, 2\u00ba Andar FRac\u00e7ao R1, Queluz de Baixo. 2730055 Barcarena, Fregues\u00eda de Barcarena, Concelho de Oeiras<\/p>\n<p><strong>NUTPOR BREADS, UNIPESSOAL, LDA<\/strong>. con NIPC 513857974 y domiciliada en Consiglieri Park, Estrada Consiglieri Pedroso n\u00fam. 71, Edificio E, 2\u00ba Andar FRac\u00e7ao R1, Queluz de Baixo. 2730055 Barcarena, Fregues\u00eda de Barcarena, Concelho de Oeiras<\/p>\n","protected":false},"excerpt":{"rendered":"<p>En cumplimiento de la normativa vigente en materia de protecci\u00f3n de datos, Reglamento (UE) 2016\/769 del Parlamento Europeo y del Consejo de 27 de abril de 2016 GDPR), y Ley Org\u00e1nica de Protecci\u00f3n de Datos Personales y Garant\u00eda de Derechos Digitales (LOPDGDD, 3\/2018 de 5 de diciembre), le informamos de la Pol\u00edtica de Protecci\u00f3n de [&hellip;]<\/p>\n","protected":false},"author":1,"featured_media":0,"parent":0,"menu_order":0,"comment_status":"closed","ping_status":"closed","template":"","meta":{"footnotes":""},"class_list":["post-1131","page","type-page","status-publish","hentry"],"yoast_head":"<!-- This site is optimized with the Yoast SEO plugin v26.9 - https:\/\/yoast.com\/product\/yoast-seo-wordpress\/ -->\n<title>Privacidad reclamaciones y consultas - La Piara<\/title>\n<meta name=\"description\" content=\"En cumplimiento de la normativa vigente en materia de protecci\u00f3n de datos, Reglamento (UE) 2016\/769 del Parlamento Europeo y del Consejo de 27 de abril de\" \/>\n<meta name=\"robots\" content=\"index, follow, max-snippet:-1, max-image-preview:large, max-video-preview:-1\" \/>\n<link rel=\"canonical\" href=\"https:\/\/lapiara.com\/es\/privacidad-reclamaciones-y-consultas\/\" \/>\n<meta property=\"og:locale\" content=\"es_ES\" \/>\n<meta property=\"og:type\" content=\"article\" \/>\n<meta property=\"og:title\" content=\"Privacidad reclamaciones y consultas - La Piara\" \/>\n<meta property=\"og:description\" content=\"En cumplimiento de la normativa vigente en materia de protecci\u00f3n de datos, Reglamento (UE) 2016\/769 del Parlamento Europeo y del Consejo de 27 de abril de\" \/>\n<meta property=\"og:url\" content=\"https:\/\/lapiara.com\/es\/privacidad-reclamaciones-y-consultas\/\" \/>\n<meta property=\"og:site_name\" content=\"La Piara\" \/>\n<meta name=\"twitter:card\" content=\"summary_large_image\" \/>\n<meta name=\"twitter:label1\" content=\"Tiempo de lectura\" \/>\n\t<meta name=\"twitter:data1\" content=\"7 minutos\" \/>\n<script type=\"application\/ld+json\" class=\"yoast-schema-graph\">{\"@context\":\"https:\/\/schema.org\",\"@graph\":[{\"@type\":\"WebPage\",\"@id\":\"https:\/\/lapiara.com\/es\/privacidad-reclamaciones-y-consultas\/\",\"url\":\"https:\/\/lapiara.com\/es\/privacidad-reclamaciones-y-consultas\/\",\"name\":\"Privacidad reclamaciones y consultas - La Piara\",\"isPartOf\":{\"@id\":\"https:\/\/lapiara.com\/es\/#website\"},\"datePublished\":\"2024-04-03T13:11:36+00:00\",\"description\":\"En cumplimiento de la normativa vigente en materia de protecci\u00f3n de datos, Reglamento (UE) 2016\/769 del Parlamento Europeo y del Consejo de 27 de abril de\",\"breadcrumb\":{\"@id\":\"https:\/\/lapiara.com\/es\/privacidad-reclamaciones-y-consultas\/#breadcrumb\"},\"inLanguage\":\"es\",\"potentialAction\":[{\"@type\":\"ReadAction\",\"target\":[\"https:\/\/lapiara.com\/es\/privacidad-reclamaciones-y-consultas\/\"]}]},{\"@type\":\"BreadcrumbList\",\"@id\":\"https:\/\/lapiara.com\/es\/privacidad-reclamaciones-y-consultas\/#breadcrumb\",\"itemListElement\":[{\"@type\":\"ListItem\",\"position\":1,\"name\":\"Portada\",\"item\":\"https:\/\/lapiara.com\/es\/\"},{\"@type\":\"ListItem\",\"position\":2,\"name\":\"Privacidad reclamaciones y consultas\"}]},{\"@type\":\"WebSite\",\"@id\":\"https:\/\/lapiara.com\/es\/#website\",\"url\":\"https:\/\/lapiara.com\/es\/\",\"name\":\"La Piara\",\"description\":\"M\u00e1s buenos que el pan\",\"publisher\":{\"@id\":\"https:\/\/lapiara.com\/es\/#organization\"},\"potentialAction\":[{\"@type\":\"SearchAction\",\"target\":{\"@type\":\"EntryPoint\",\"urlTemplate\":\"https:\/\/lapiara.com\/es\/?s={search_term_string}\"},\"query-input\":{\"@type\":\"PropertyValueSpecification\",\"valueRequired\":true,\"valueName\":\"search_term_string\"}}],\"inLanguage\":\"es\"},{\"@type\":\"Organization\",\"@id\":\"https:\/\/lapiara.com\/es\/#organization\",\"name\":\"La Piara\",\"url\":\"https:\/\/lapiara.com\/es\/\",\"logo\":{\"@type\":\"ImageObject\",\"inLanguage\":\"es\",\"@id\":\"https:\/\/lapiara.com\/es\/#\/schema\/logo\/image\/\",\"url\":\"http:\/\/lapiara.com\/wp-content\/uploads\/2021\/01\/af-logo-la-piara.png\",\"contentUrl\":\"http:\/\/lapiara.com\/wp-content\/uploads\/2021\/01\/af-logo-la-piara.png\",\"width\":1733,\"height\":586,\"caption\":\"La Piara\"},\"image\":{\"@id\":\"https:\/\/lapiara.com\/es\/#\/schema\/logo\/image\/\"},\"sameAs\":[\"https:\/\/www.instagram.com\/naturalmentelapiara\/\"]}]}<\/script>\n<!-- \/ Yoast SEO plugin. -->","yoast_head_json":{"title":"Privacidad reclamaciones y consultas - La Piara","description":"En cumplimiento de la normativa vigente en materia de protecci\u00f3n de datos, Reglamento (UE) 2016\/769 del Parlamento Europeo y del Consejo de 27 de abril de","robots":{"index":"index","follow":"follow","max-snippet":"max-snippet:-1","max-image-preview":"max-image-preview:large","max-video-preview":"max-video-preview:-1"},"canonical":"https:\/\/lapiara.com\/es\/privacidad-reclamaciones-y-consultas\/","og_locale":"es_ES","og_type":"article","og_title":"Privacidad reclamaciones y consultas - La Piara","og_description":"En cumplimiento de la normativa vigente en materia de protecci\u00f3n de datos, Reglamento (UE) 2016\/769 del Parlamento Europeo y del Consejo de 27 de abril de","og_url":"https:\/\/lapiara.com\/es\/privacidad-reclamaciones-y-consultas\/","og_site_name":"La Piara","twitter_card":"summary_large_image","twitter_misc":{"Tiempo de lectura":"7 minutos"},"schema":{"@context":"https:\/\/schema.org","@graph":[{"@type":"WebPage","@id":"https:\/\/lapiara.com\/es\/privacidad-reclamaciones-y-consultas\/","url":"https:\/\/lapiara.com\/es\/privacidad-reclamaciones-y-consultas\/","name":"Privacidad reclamaciones y consultas - La Piara","isPartOf":{"@id":"https:\/\/lapiara.com\/es\/#website"},"datePublished":"2024-04-03T13:11:36+00:00","description":"En cumplimiento de la normativa vigente en materia de protecci\u00f3n de datos, Reglamento (UE) 2016\/769 del Parlamento Europeo y del Consejo de 27 de abril de","breadcrumb":{"@id":"https:\/\/lapiara.com\/es\/privacidad-reclamaciones-y-consultas\/#breadcrumb"},"inLanguage":"es","potentialAction":[{"@type":"ReadAction","target":["https:\/\/lapiara.com\/es\/privacidad-reclamaciones-y-consultas\/"]}]},{"@type":"BreadcrumbList","@id":"https:\/\/lapiara.com\/es\/privacidad-reclamaciones-y-consultas\/#breadcrumb","itemListElement":[{"@type":"ListItem","position":1,"name":"Portada","item":"https:\/\/lapiara.com\/es\/"},{"@type":"ListItem","position":2,"name":"Privacidad reclamaciones y consultas"}]},{"@type":"WebSite","@id":"https:\/\/lapiara.com\/es\/#website","url":"https:\/\/lapiara.com\/es\/","name":"La Piara","description":"M\u00e1s buenos que el pan","publisher":{"@id":"https:\/\/lapiara.com\/es\/#organization"},"potentialAction":[{"@type":"SearchAction","target":{"@type":"EntryPoint","urlTemplate":"https:\/\/lapiara.com\/es\/?s={search_term_string}"},"query-input":{"@type":"PropertyValueSpecification","valueRequired":true,"valueName":"search_term_string"}}],"inLanguage":"es"},{"@type":"Organization","@id":"https:\/\/lapiara.com\/es\/#organization","name":"La Piara","url":"https:\/\/lapiara.com\/es\/","logo":{"@type":"ImageObject","inLanguage":"es","@id":"https:\/\/lapiara.com\/es\/#\/schema\/logo\/image\/","url":"http:\/\/lapiara.com\/wp-content\/uploads\/2021\/01\/af-logo-la-piara.png","contentUrl":"http:\/\/lapiara.com\/wp-content\/uploads\/2021\/01\/af-logo-la-piara.png","width":1733,"height":586,"caption":"La Piara"},"image":{"@id":"https:\/\/lapiara.com\/es\/#\/schema\/logo\/image\/"},"sameAs":["https:\/\/www.instagram.com\/naturalmentelapiara\/"]}]}},"_links":{"self":[{"href":"https:\/\/lapiara.com\/es\/wp-json\/wp\/v2\/pages\/1131","targetHints":{"allow":["GET"]}}],"collection":[{"href":"https:\/\/lapiara.com\/es\/wp-json\/wp\/v2\/pages"}],"about":[{"href":"https:\/\/lapiara.com\/es\/wp-json\/wp\/v2\/types\/page"}],"author":[{"embeddable":true,"href":"https:\/\/lapiara.com\/es\/wp-json\/wp\/v2\/users\/1"}],"replies":[{"embeddable":true,"href":"https:\/\/lapiara.com\/es\/wp-json\/wp\/v2\/comments?post=1131"}],"version-history":[{"count":1,"href":"https:\/\/lapiara.com\/es\/wp-json\/wp\/v2\/pages\/1131\/revisions"}],"predecessor-version":[{"id":1132,"href":"https:\/\/lapiara.com\/es\/wp-json\/wp\/v2\/pages\/1131\/revisions\/1132"}],"wp:attachment":[{"href":"https:\/\/lapiara.com\/es\/wp-json\/wp\/v2\/media?parent=1131"}],"curies":[{"name":"wp","href":"https:\/\/api.w.org\/{rel}","templated":true}]}}